{"id":44788,"date":"2025-11-05T10:21:24","date_gmt":"2025-11-05T15:21:24","guid":{"rendered":"https:\/\/taste-it.ca\/?post_type=product&#038;p=44788"},"modified":"2025-11-05T10:21:32","modified_gmt":"2025-11-05T15:21:32","slug":"steam-roller-par-white-rhino","status":"publish","type":"product","link":"https:\/\/taste-it.ca\/fr\/product\/steam-roller-par-white-rhino\/","title":{"rendered":"Steam Roller par White Rhino"},"content":{"rendered":"<p>Le<strong> White Rhino Steam Roller<\/strong> est dot\u00e9 d\u2019un <strong>grand trou de carburation<\/strong> \u00e0 l\u2019extr\u00e9mit\u00e9 du tube, permettant de produire des bouff\u00e9es plus intenses et puissantes.<\/p>\n<h3><strong>Caract\u00e9ristiques<\/strong><\/h3>\n<ul>\n<li>Grande ouverture de carburation<\/li>\n<li>Bol int\u00e9gr\u00e9 (pouss\u00e9 vers l\u2019int\u00e9rieur)<\/li>\n<li>Diam\u00e8tre : 18 mm<\/li>\n<li>Longueur : 114 mm<\/li>\n<li>\u00c9paisseur du verre : 2 mm<\/li>\n<\/ul>\n","protected":false},"excerpt":{"rendered":"<p>White Rhino Steam Roller<\/strong> est dot\u00e9 d\u2019un <strong>grand trou de carburation<\/strong> \u00e0 l\u2019extr\u00e9mit\u00e9 du tube, permettant de produire des bouff\u00e9es plus intenses et puissantes.<\/p>\n","protected":false},"featured_media":44753,"comment_status":"open","ping_status":"closed","template":"","meta":[],"product_brand":[],"product_cat":[2172],"product_tag":[],"class_list":{"0":"post-44788","1":"product","2":"type-product","3":"status-publish","4":"has-post-thumbnail","6":"product_cat-non-categorise","7":"yith_product_brand-white-rhino-fr","9":"first","10":"instock","11":"taxable","12":"shipping-taxable","13":"purchasable","14":"product-type-simple"},"_links":{"self":[{"href":"https:\/\/taste-it.ca\/fr\/wp-json\/wp\/v2\/product\/44788","targetHints":{"allow":["GET"]}}],"collection":[{"href":"https:\/\/taste-it.ca\/fr\/wp-json\/wp\/v2\/product"}],"about":[{"href":"https:\/\/taste-it.ca\/fr\/wp-json\/wp\/v2\/types\/product"}],"replies":[{"embeddable":true,"href":"https:\/\/taste-it.ca\/fr\/wp-json\/wp\/v2\/comments?post=44788"}],"wp:featuredmedia":[{"embeddable":true,"href":"https:\/\/taste-it.ca\/fr\/wp-json\/wp\/v2\/media\/44753"}],"wp:attachment":[{"href":"https:\/\/taste-it.ca\/fr\/wp-json\/wp\/v2\/media?parent=44788"}],"wp:term":[{"taxonomy":"product_brand","embeddable":true,"href":"https:\/\/taste-it.ca\/fr\/wp-json\/wp\/v2\/product_brand?post=44788"},{"taxonomy":"product_cat","embeddable":true,"href":"https:\/\/taste-it.ca\/fr\/wp-json\/wp\/v2\/product_cat?post=44788"},{"taxonomy":"product_tag","embeddable":true,"href":"https:\/\/taste-it.ca\/fr\/wp-json\/wp\/v2\/product_tag?post=44788"}],"curies":[{"name":"wp","href":"https:\/\/api.w.org\/{rel}","templated":true}]}}