{"id":44786,"date":"2025-11-04T12:14:01","date_gmt":"2025-11-04T17:14:01","guid":{"rendered":"https:\/\/taste-it.ca\/?post_type=product&#038;p=44786"},"modified":"2025-11-05T10:17:08","modified_gmt":"2025-11-05T15:17:08","slug":"ceramic-honeycomb-screen-par-white-rhino","status":"publish","type":"product","link":"https:\/\/taste-it.ca\/fr\/product\/ceramic-honeycomb-screen-par-white-rhino\/","title":{"rendered":"Ceramic Honeycomb Screen par White Rhino"},"content":{"rendered":"<p>Les White Rhino Ceramic Honeycomb Screens, d\u2019un diam\u00e8tre de 0,375\u2033, retiennent la majorit\u00e9 des cendres et des r\u00e9sidus, pr\u00e9servant ainsi la propret\u00e9 de vos accessoires en verre tels que les bongs et les pipes.<\/p>\n","protected":false},"excerpt":{"rendered":"<p>Les White Rhino Ceramic Honeycomb Screens, d\u2019un diam\u00e8tre de 0,375\u2033, retiennent la majorit\u00e9 des cendres et des r\u00e9sidus, pr\u00e9servant ainsi la propret\u00e9 de vos accessoires en verre tels que les bongs et les pipes.<\/p>\n","protected":false},"featured_media":44783,"comment_status":"open","ping_status":"closed","template":"","meta":[],"product_brand":[],"product_cat":[2172],"product_tag":[],"class_list":{"0":"post-44786","1":"product","2":"type-product","3":"status-publish","4":"has-post-thumbnail","6":"product_cat-non-categorise","7":"yith_product_brand-white-rhino-fr","9":"first","10":"instock","11":"taxable","12":"shipping-taxable","13":"purchasable","14":"product-type-simple"},"_links":{"self":[{"href":"https:\/\/taste-it.ca\/fr\/wp-json\/wp\/v2\/product\/44786","targetHints":{"allow":["GET"]}}],"collection":[{"href":"https:\/\/taste-it.ca\/fr\/wp-json\/wp\/v2\/product"}],"about":[{"href":"https:\/\/taste-it.ca\/fr\/wp-json\/wp\/v2\/types\/product"}],"replies":[{"embeddable":true,"href":"https:\/\/taste-it.ca\/fr\/wp-json\/wp\/v2\/comments?post=44786"}],"wp:featuredmedia":[{"embeddable":true,"href":"https:\/\/taste-it.ca\/fr\/wp-json\/wp\/v2\/media\/44783"}],"wp:attachment":[{"href":"https:\/\/taste-it.ca\/fr\/wp-json\/wp\/v2\/media?parent=44786"}],"wp:term":[{"taxonomy":"product_brand","embeddable":true,"href":"https:\/\/taste-it.ca\/fr\/wp-json\/wp\/v2\/product_brand?post=44786"},{"taxonomy":"product_cat","embeddable":true,"href":"https:\/\/taste-it.ca\/fr\/wp-json\/wp\/v2\/product_cat?post=44786"},{"taxonomy":"product_tag","embeddable":true,"href":"https:\/\/taste-it.ca\/fr\/wp-json\/wp\/v2\/product_tag?post=44786"}],"curies":[{"name":"wp","href":"https:\/\/api.w.org\/{rel}","templated":true}]}}