{"id":44782,"date":"2025-11-05T10:18:58","date_gmt":"2025-11-05T15:18:58","guid":{"rendered":"https:\/\/taste-it.ca\/?post_type=product&#038;p=44782"},"modified":"2025-11-05T10:19:39","modified_gmt":"2025-11-05T15:19:39","slug":"flower-glass-screen-par-white-rhino","status":"publish","type":"product","link":"https:\/\/taste-it.ca\/fr\/product\/flower-glass-screen-par-white-rhino\/","title":{"rendered":"Flower Glass Screen (unit\u00e9) par White Rhino"},"content":{"rendered":"<p>Les White Rhino Flower Glass Screens peuvent \u00eatre utilis\u00e9es dans la plupart des pipes et bols afin d\u2019\u00e9viter l\u2019utilisation de grilles m\u00e9talliques tout en garantissant une circulation d\u2019air optimale.<\/p>\n","protected":false},"excerpt":{"rendered":"<p>Les White Rhino Flower Glass Screens peuvent \u00eatre utilis\u00e9es dans la plupart des pipes et bols afin d\u2019\u00e9viter l\u2019utilisation de grilles m\u00e9talliques tout en garantissant une circulation d\u2019air optimale.<\/p>\n","protected":false},"featured_media":44754,"comment_status":"open","ping_status":"closed","template":"","meta":[],"product_brand":[],"product_cat":[2172],"product_tag":[],"class_list":{"0":"post-44782","1":"product","2":"type-product","3":"status-publish","4":"has-post-thumbnail","6":"product_cat-non-categorise","7":"yith_product_brand-white-rhino-fr","9":"first","10":"instock","11":"taxable","12":"shipping-taxable","13":"purchasable","14":"product-type-simple"},"_links":{"self":[{"href":"https:\/\/taste-it.ca\/fr\/wp-json\/wp\/v2\/product\/44782","targetHints":{"allow":["GET"]}}],"collection":[{"href":"https:\/\/taste-it.ca\/fr\/wp-json\/wp\/v2\/product"}],"about":[{"href":"https:\/\/taste-it.ca\/fr\/wp-json\/wp\/v2\/types\/product"}],"replies":[{"embeddable":true,"href":"https:\/\/taste-it.ca\/fr\/wp-json\/wp\/v2\/comments?post=44782"}],"wp:featuredmedia":[{"embeddable":true,"href":"https:\/\/taste-it.ca\/fr\/wp-json\/wp\/v2\/media\/44754"}],"wp:attachment":[{"href":"https:\/\/taste-it.ca\/fr\/wp-json\/wp\/v2\/media?parent=44782"}],"wp:term":[{"taxonomy":"product_brand","embeddable":true,"href":"https:\/\/taste-it.ca\/fr\/wp-json\/wp\/v2\/product_brand?post=44782"},{"taxonomy":"product_cat","embeddable":true,"href":"https:\/\/taste-it.ca\/fr\/wp-json\/wp\/v2\/product_cat?post=44782"},{"taxonomy":"product_tag","embeddable":true,"href":"https:\/\/taste-it.ca\/fr\/wp-json\/wp\/v2\/product_tag?post=44782"}],"curies":[{"name":"wp","href":"https:\/\/api.w.org\/{rel}","templated":true}]}}