{"id":44638,"date":"2025-10-09T09:04:50","date_gmt":"2025-10-09T13:04:50","guid":{"rendered":"https:\/\/taste-it.ca\/boutique\/non class\u00e9\/unbleached-rolling-papers-single-wide-par-pure-hemp\/"},"modified":"2025-10-09T09:04:50","modified_gmt":"2025-10-09T13:04:50","slug":"unbleached-rolling-papers-single-wide-par-pure-hemp","status":"publish","type":"product","link":"https:\/\/taste-it.ca\/fr\/product\/unbleached-rolling-papers-single-wide-par-pure-hemp\/","title":{"rendered":"Unbleached Rolling Papers, Single Wide par Pure Hemp"},"content":{"rendered":"<p>Les papiers \u00e0 rouler Pure Hemp Unbleached sont tous respectueux de l&rsquo;environnement, sans arbres, offrant aux fumeurs une exp\u00e9rience de fumage pure et naturelle. Le chanvre non blanchi est utilis\u00e9 pour cr\u00e9er les papiers \u00e0 rouler dans le but d&#8217;emp\u00eacher les go\u00fbts ind\u00e9sirables de blanchir pendant le fumage. Fabriqu\u00e9s uniquement \u00e0 partir de la pulpe de chanvre la plus pure avec une gomme d&rsquo;acaica naturelle, ces papiers br\u00fblent lentement et produisent peu de cendres.<\/p>\n<p><strong>Caract\u00e9ristiques<\/strong><\/p>\n<ul>\n<li>\u2013 100% \u00e9cologique sans arbre<\/li>\n<li>\u2013 Ligne gingivale naturelle d&rsquo;Acaica<\/li>\n<li>\u2013 La pulpe de chanvre la plus fine<\/li>\n<li>\u2013 Papiers \u00e9crus l\u00e9g\u00e8rement plus fins<\/li>\n<li>\u2013 Dimensions : 69 mm x 37 mm<\/li>\n<li>\u2013 50 papiers\/livret<\/li>\n<\/ul>\n","protected":false},"excerpt":{"rendered":"<p>Les papiers \u00e0 rouler Pure Hemp Unbleached sont tous respectueux de l&rsquo;environnement, sans arbres, offrant aux fumeurs une exp\u00e9rience de fumage pure et naturelle.<\/p>\n","protected":false},"featured_media":43666,"comment_status":"open","ping_status":"closed","template":"","meta":[],"product_brand":[],"product_cat":[2172],"product_tag":[],"class_list":{"0":"post-44638","1":"product","2":"type-product","3":"status-publish","4":"has-post-thumbnail","6":"product_cat-non-categorise","7":"yith_product_brand-pure-hemp-fr","9":"first","10":"instock","11":"taxable","12":"shipping-taxable","13":"purchasable","14":"product-type-simple"},"_links":{"self":[{"href":"https:\/\/taste-it.ca\/fr\/wp-json\/wp\/v2\/product\/44638","targetHints":{"allow":["GET"]}}],"collection":[{"href":"https:\/\/taste-it.ca\/fr\/wp-json\/wp\/v2\/product"}],"about":[{"href":"https:\/\/taste-it.ca\/fr\/wp-json\/wp\/v2\/types\/product"}],"replies":[{"embeddable":true,"href":"https:\/\/taste-it.ca\/fr\/wp-json\/wp\/v2\/comments?post=44638"}],"wp:featuredmedia":[{"embeddable":true,"href":"https:\/\/taste-it.ca\/fr\/wp-json\/wp\/v2\/media\/43666"}],"wp:attachment":[{"href":"https:\/\/taste-it.ca\/fr\/wp-json\/wp\/v2\/media?parent=44638"}],"wp:term":[{"taxonomy":"product_brand","embeddable":true,"href":"https:\/\/taste-it.ca\/fr\/wp-json\/wp\/v2\/product_brand?post=44638"},{"taxonomy":"product_cat","embeddable":true,"href":"https:\/\/taste-it.ca\/fr\/wp-json\/wp\/v2\/product_cat?post=44638"},{"taxonomy":"product_tag","embeddable":true,"href":"https:\/\/taste-it.ca\/fr\/wp-json\/wp\/v2\/product_tag?post=44638"}],"curies":[{"name":"wp","href":"https:\/\/api.w.org\/{rel}","templated":true}]}}