{"id":44637,"date":"2025-10-09T09:04:49","date_gmt":"2025-10-09T13:04:49","guid":{"rendered":"https:\/\/taste-it.ca\/boutique\/non class\u00e9\/unbleached-rolling-papers-1-1-4-par-pure-hemp\/"},"modified":"2025-10-09T09:04:49","modified_gmt":"2025-10-09T13:04:49","slug":"unbleached-rolling-papers-1-1-4-par-pure-hemp","status":"publish","type":"product","link":"https:\/\/taste-it.ca\/fr\/product\/unbleached-rolling-papers-1-1-4-par-pure-hemp\/","title":{"rendered":"Unbleached Rolling Papers, 1 1\/4 par Pure Hemp"},"content":{"rendered":"<p>Le papier Zig-Zag 1 1\/4 est l\u00e9gendaire dans le monde du tabac. Facile \u00e0 rouler, pas besoin de gomme et lente \u00e0 br\u00fbler. Zig-Zag est un vrai classique et le papier \u00e0 rouler parfait pour de nombreux fumeurs.<\/p>\n<p>Avec ses diff\u00e9rentes vari\u00e9t\u00e9s, qu&rsquo;il s&rsquo;agisse de papier de chanvre, ultra fin, \u00e0 combustion lente ou tout simplement naturel (non blanchi), vous trouverez le Zig-Zag qui vous convient. Tous les papiers Zig-Zag ont une fine ligne de colle pour assurer une \u00e9tanch\u00e9it\u00e9 parfaite &#8211; \u00e0 chaque fois. D\u00e9riv\u00e9es de la s\u00e8ve de l&rsquo;acacia africain, les propri\u00e9t\u00e9s naturelles de la gomme arabique assurent une \u00e9tanch\u00e9it\u00e9 constante sans affecter le go\u00fbt.<\/p>\n<ul>\n<li>50 feuilles par livret<\/li>\n<\/ul>\n","protected":false},"excerpt":{"rendered":"<p>Le papier Zig-Zag 1 1\/4 est l\u00e9gendaire dans le monde du tabac. Facile \u00e0 rouler, pas besoin de gomme et lente \u00e0 br\u00fbler.<\/p>\n","protected":false},"featured_media":43330,"comment_status":"open","ping_status":"closed","template":"","meta":[],"product_brand":[],"product_cat":[2172],"product_tag":[],"class_list":{"0":"post-44637","1":"product","2":"type-product","3":"status-publish","4":"has-post-thumbnail","6":"product_cat-non-categorise","7":"yith_product_brand-pure-hemp-fr","9":"first","10":"instock","11":"taxable","12":"shipping-taxable","13":"purchasable","14":"product-type-simple"},"_links":{"self":[{"href":"https:\/\/taste-it.ca\/fr\/wp-json\/wp\/v2\/product\/44637","targetHints":{"allow":["GET"]}}],"collection":[{"href":"https:\/\/taste-it.ca\/fr\/wp-json\/wp\/v2\/product"}],"about":[{"href":"https:\/\/taste-it.ca\/fr\/wp-json\/wp\/v2\/types\/product"}],"replies":[{"embeddable":true,"href":"https:\/\/taste-it.ca\/fr\/wp-json\/wp\/v2\/comments?post=44637"}],"wp:featuredmedia":[{"embeddable":true,"href":"https:\/\/taste-it.ca\/fr\/wp-json\/wp\/v2\/media\/43330"}],"wp:attachment":[{"href":"https:\/\/taste-it.ca\/fr\/wp-json\/wp\/v2\/media?parent=44637"}],"wp:term":[{"taxonomy":"product_brand","embeddable":true,"href":"https:\/\/taste-it.ca\/fr\/wp-json\/wp\/v2\/product_brand?post=44637"},{"taxonomy":"product_cat","embeddable":true,"href":"https:\/\/taste-it.ca\/fr\/wp-json\/wp\/v2\/product_cat?post=44637"},{"taxonomy":"product_tag","embeddable":true,"href":"https:\/\/taste-it.ca\/fr\/wp-json\/wp\/v2\/product_tag?post=44637"}],"curies":[{"name":"wp","href":"https:\/\/api.w.org\/{rel}","templated":true}]}}