{"id":44635,"date":"2025-10-09T09:03:52","date_gmt":"2025-10-09T13:03:52","guid":{"rendered":"https:\/\/taste-it.ca\/boutique\/non class\u00e9\/ultimate-thin-rice-rolling-papers-king-size-par-elements\/"},"modified":"2025-10-09T09:03:52","modified_gmt":"2025-10-09T13:03:52","slug":"ultimate-thin-rice-rolling-papers-king-size-par-elements","status":"publish","type":"product","link":"https:\/\/taste-it.ca\/fr\/product\/ultimate-thin-rice-rolling-papers-king-size-par-elements\/","title":{"rendered":"Ultimate Thin Rice Rolling Papers, King Size par Elements"},"content":{"rendered":"<p>Les papiers \u00e0 rouler Element Ultimate Thin Rice King Size sont fabriqu\u00e9s \u00e0 partir de papier de riz pur sans produits chimiques, p\u00e2te ou additifs. Une fine ligne de gomme d&rsquo;acacia est \u00e9galement ajout\u00e9e aux feuilles \u00e0 rouler afin d&rsquo;offrir une fum\u00e9e pure et naturelle. Chaque papier est imprim\u00e9 avec le filigrane entrecrois\u00e9 exclusif pour aider \u00e0 \u00e9viter les coulures et permettre une br\u00fblure lisse et uniforme. Gr\u00e2ce \u00e0 leur plus grande taille, les fumeurs peuvent profiter de joints king size.<\/p>\n<p><strong>Caract\u00e9ristiques<\/strong><\/p>\n<ul>\n<li>\u2013 Papier de riz pur<\/li>\n<li>&#8211; la gomme d&rsquo;acacia<\/li>\n<li>\u2013 Pas de produits chimiques, de p\u00e2te ou d&rsquo;additifs<\/li>\n<li>\u2013 Filigrane entrecrois\u00e9 brevet\u00e9<\/li>\n<li>\u2013 33 feuilles\/livret<\/li>\n<\/ul>\n","protected":false},"excerpt":{"rendered":"<p>Les papiers \u00e0 rouler Element Ultimate Thin Rice King Size sont fabriqu\u00e9s \u00e0 partir de papier de riz pur sans produits chimiques, p\u00e2te ou additifs.<\/p>\n","protected":false},"featured_media":43716,"comment_status":"open","ping_status":"closed","template":"","meta":[],"product_brand":[],"product_cat":[2172],"product_tag":[],"class_list":{"0":"post-44635","1":"product","2":"type-product","3":"status-publish","4":"has-post-thumbnail","6":"product_cat-non-categorise","7":"yith_product_brand-elements-fr","9":"first","10":"instock","11":"taxable","12":"shipping-taxable","13":"purchasable","14":"product-type-simple"},"_links":{"self":[{"href":"https:\/\/taste-it.ca\/fr\/wp-json\/wp\/v2\/product\/44635","targetHints":{"allow":["GET"]}}],"collection":[{"href":"https:\/\/taste-it.ca\/fr\/wp-json\/wp\/v2\/product"}],"about":[{"href":"https:\/\/taste-it.ca\/fr\/wp-json\/wp\/v2\/types\/product"}],"replies":[{"embeddable":true,"href":"https:\/\/taste-it.ca\/fr\/wp-json\/wp\/v2\/comments?post=44635"}],"wp:featuredmedia":[{"embeddable":true,"href":"https:\/\/taste-it.ca\/fr\/wp-json\/wp\/v2\/media\/43716"}],"wp:attachment":[{"href":"https:\/\/taste-it.ca\/fr\/wp-json\/wp\/v2\/media?parent=44635"}],"wp:term":[{"taxonomy":"product_brand","embeddable":true,"href":"https:\/\/taste-it.ca\/fr\/wp-json\/wp\/v2\/product_brand?post=44635"},{"taxonomy":"product_cat","embeddable":true,"href":"https:\/\/taste-it.ca\/fr\/wp-json\/wp\/v2\/product_cat?post=44635"},{"taxonomy":"product_tag","embeddable":true,"href":"https:\/\/taste-it.ca\/fr\/wp-json\/wp\/v2\/product_tag?post=44635"}],"curies":[{"name":"wp","href":"https:\/\/api.w.org\/{rel}","templated":true}]}}