{"id":44630,"date":"2025-10-09T09:04:32","date_gmt":"2025-10-09T13:04:32","guid":{"rendered":"https:\/\/taste-it.ca\/boutique\/non class\u00e9\/thinnest-unbleached-rolling-papers-1-1-4-par-smoking\/"},"modified":"2025-10-09T09:04:32","modified_gmt":"2025-10-09T13:04:32","slug":"thinnest-unbleached-rolling-papers-1-1-4-par-smoking","status":"publish","type":"product","link":"https:\/\/taste-it.ca\/fr\/product\/thinnest-unbleached-rolling-papers-1-1-4-par-smoking\/","title":{"rendered":"Thinnest Unbleached Rolling Papers, 1 1\/4 par Smoking"},"content":{"rendered":"<p>Les papiers \u00e0 rouler Smoking Thinnest Unbleached sont 20 % plus minces que la moyenne des papiers du march\u00e9. Les papiers sont fabriqu\u00e9s \u00e0 partir de gomme v\u00e9g\u00e9tale 100% naturelle sans colorants ni additifs, offrant un go\u00fbt de fumage purement naturel. Ces papiers les plus fins offrent une combustion lente avec tr\u00e8s peu de cendres. Chaque livret est livr\u00e9 avec 50 feuilles \u00e0 rouler de format 1 1\/4.<\/p>\n<p><strong>Caract\u00e9ristiques<\/strong><\/p>\n<ul>\n<li>\u2013 Papiers ultrafins<\/li>\n<li>\u2013 Gomme v\u00e9g\u00e9tale 100% naturelle sans colorants ni additifs<\/li>\n<li>\u2013 Fumer en filigrane<\/li>\n<li>\u2013 Certifi\u00e9 FSC\u00ae<\/li>\n<li>\u2013 Dimensions : 77 mm x 44 mm<\/li>\n<li>\u2013 Poids : 10 g\/m2<\/li>\n<li>\u2013 50 papiers\/livret<\/li>\n<\/ul>\n","protected":false},"excerpt":{"rendered":"<p>Les papiers \u00e0 rouler Smoking Thinnest Unbleached sont 20 % plus minces que la moyenne des papiers du march\u00e9.<\/p>\n","protected":false},"featured_media":43710,"comment_status":"open","ping_status":"closed","template":"","meta":[],"product_brand":[],"product_cat":[2172],"product_tag":[],"class_list":{"0":"post-44630","1":"product","2":"type-product","3":"status-publish","4":"has-post-thumbnail","6":"product_cat-non-categorise","7":"yith_product_brand-smoking-fr","9":"first","10":"instock","11":"taxable","12":"shipping-taxable","13":"purchasable","14":"product-type-simple"},"_links":{"self":[{"href":"https:\/\/taste-it.ca\/fr\/wp-json\/wp\/v2\/product\/44630","targetHints":{"allow":["GET"]}}],"collection":[{"href":"https:\/\/taste-it.ca\/fr\/wp-json\/wp\/v2\/product"}],"about":[{"href":"https:\/\/taste-it.ca\/fr\/wp-json\/wp\/v2\/types\/product"}],"replies":[{"embeddable":true,"href":"https:\/\/taste-it.ca\/fr\/wp-json\/wp\/v2\/comments?post=44630"}],"wp:featuredmedia":[{"embeddable":true,"href":"https:\/\/taste-it.ca\/fr\/wp-json\/wp\/v2\/media\/43710"}],"wp:attachment":[{"href":"https:\/\/taste-it.ca\/fr\/wp-json\/wp\/v2\/media?parent=44630"}],"wp:term":[{"taxonomy":"product_brand","embeddable":true,"href":"https:\/\/taste-it.ca\/fr\/wp-json\/wp\/v2\/product_brand?post=44630"},{"taxonomy":"product_cat","embeddable":true,"href":"https:\/\/taste-it.ca\/fr\/wp-json\/wp\/v2\/product_cat?post=44630"},{"taxonomy":"product_tag","embeddable":true,"href":"https:\/\/taste-it.ca\/fr\/wp-json\/wp\/v2\/product_tag?post=44630"}],"curies":[{"name":"wp","href":"https:\/\/api.w.org\/{rel}","templated":true}]}}