{"id":44623,"date":"2025-10-09T09:04:50","date_gmt":"2025-10-09T13:04:50","guid":{"rendered":"https:\/\/taste-it.ca\/boutique\/non%20class\u00e9\/woodstock-candle-par-smoke-odor-exterminator\/"},"modified":"2025-10-15T14:53:20","modified_gmt":"2025-10-15T18:53:20","slug":"woodstock-candle-par-smoke-odor-exterminator","status":"publish","type":"product","link":"https:\/\/taste-it.ca\/fr\/product\/woodstock-candle-par-smoke-odor-exterminator\/","title":{"rendered":"Woodstock Candle par Smoke Odor Exterminator"},"content":{"rendered":"<p>Les bougies exterminatrices d&rsquo;odeurs de fum\u00e9e au parfum de bois portent les parfums classiques d&rsquo;agrumes, de bergamote, de lavande et de g\u00e9ranium, entrelac\u00e9s de bois de santal terreux, de bois de c\u00e8dre et de musc.<\/p>\n<p>Les tuyaux sont des bougies \u00e0 base d&rsquo;enzymes qui attaquent et d\u00e9composent parfaitement les odeurs d\u00e9sagr\u00e9ables, allant des cigarettes, pipes, cigares, animaux domestiques \u00e0 d&rsquo;autres odeurs domestiques.<\/p>\n<p><strong>Caract\u00e9ristiques<\/strong><\/p>\n<ul>\n<li>Id\u00e9al pour \u00e9liminer la fum\u00e9e ind\u00e9sirable des cigarettes, pipes, cigares, animaux domestiques, etc\u2026<\/li>\n<li>Parfum : woodstock<\/li>\n<li>Notes parfum\u00e9es : terreuses, musqu\u00e9es, florales<\/li>\n<li>Formul\u00e9 enzymatique<\/li>\n<li>Dur\u00e9e de combustion : jusqu&rsquo;\u00e0 70 heures<\/li>\n<li>Poids\u00a0: 13\u00a0oz<\/li>\n<\/ul>\n","protected":false},"excerpt":{"rendered":"<p>Les bougies exterminatrices d&rsquo;odeurs de fum\u00e9e au parfum de bois portent les parfums classiques d&rsquo;agrumes, de bergamote, de lavande et de g\u00e9ranium, entrelac\u00e9s de bois de santal terreux, de bois de c\u00e8dre et de musc.<\/p>\n","protected":false},"featured_media":43426,"comment_status":"open","ping_status":"closed","template":"","meta":[],"product_brand":[],"product_cat":[2172],"product_tag":[2376,2210,2448],"class_list":{"0":"post-44623","1":"product","2":"type-product","3":"status-publish","4":"has-post-thumbnail","6":"product_cat-non-categorise","7":"product_tag-agrumes","8":"product_tag-bergamote","9":"product_tag-lavende","10":"yith_product_brand-smoke-odor-fr","12":"first","13":"outofstock","14":"taxable","15":"shipping-taxable","16":"purchasable","17":"product-type-simple"},"_links":{"self":[{"href":"https:\/\/taste-it.ca\/fr\/wp-json\/wp\/v2\/product\/44623","targetHints":{"allow":["GET"]}}],"collection":[{"href":"https:\/\/taste-it.ca\/fr\/wp-json\/wp\/v2\/product"}],"about":[{"href":"https:\/\/taste-it.ca\/fr\/wp-json\/wp\/v2\/types\/product"}],"replies":[{"embeddable":true,"href":"https:\/\/taste-it.ca\/fr\/wp-json\/wp\/v2\/comments?post=44623"}],"wp:featuredmedia":[{"embeddable":true,"href":"https:\/\/taste-it.ca\/fr\/wp-json\/wp\/v2\/media\/43426"}],"wp:attachment":[{"href":"https:\/\/taste-it.ca\/fr\/wp-json\/wp\/v2\/media?parent=44623"}],"wp:term":[{"taxonomy":"product_brand","embeddable":true,"href":"https:\/\/taste-it.ca\/fr\/wp-json\/wp\/v2\/product_brand?post=44623"},{"taxonomy":"product_cat","embeddable":true,"href":"https:\/\/taste-it.ca\/fr\/wp-json\/wp\/v2\/product_cat?post=44623"},{"taxonomy":"product_tag","embeddable":true,"href":"https:\/\/taste-it.ca\/fr\/wp-json\/wp\/v2\/product_tag?post=44623"}],"curies":[{"name":"wp","href":"https:\/\/api.w.org\/{rel}","templated":true}]}}