{"id":44622,"date":"2025-10-09T09:04:50","date_gmt":"2025-10-09T13:04:50","guid":{"rendered":"https:\/\/taste-it.ca\/boutique\/non%20class\u00e9\/yin-yang-candle-par-smoke-odor-exterminator\/"},"modified":"2025-10-15T14:53:19","modified_gmt":"2025-10-15T18:53:19","slug":"yin-yang-candle-par-smoke-odor-exterminator","status":"publish","type":"product","link":"https:\/\/taste-it.ca\/fr\/product\/yin-yang-candle-par-smoke-odor-exterminator\/","title":{"rendered":"Yin Yang Candle par Smoke Odor Exterminator"},"content":{"rendered":"<p>Le spray exterminateur d&rsquo;odeurs de fum\u00e9e, 7 oz, Dragon&rsquo;s Blood d\u00e9livre un parfum d&rsquo;encens familier avec des notes d&rsquo;ambre et de vanille.<\/p>\n<p>Ce d\u00e9sodorisant \u00e0 formule enzymatique agit rapidement pour \u00e9liminer les odeurs d\u00e9sagr\u00e9ables de cigarettes, de pipes, de cigares, d&rsquo;animaux domestiques et d&rsquo;autres odeurs domestiques.<\/p>\n<p><strong>Caract\u00e9ristiques<\/strong><\/p>\n<ul>\n<li>Id\u00e9al pour \u00e9liminer la fum\u00e9e ind\u00e9sirable des cigarettes, pipes, cigares, animaux domestiques, etc\u2026<\/li>\n<li>Parfum : sang de dragon<\/li>\n<li>Notes parfum\u00e9es : douces, vanill\u00e9es<\/li>\n<li>Formul\u00e9 enzymatique<\/li>\n<li>Action rapide et pratique<\/li>\n<li>Poids\u00a0: 7\u00a0oz<\/li>\n<\/ul>\n","protected":false},"excerpt":{"rendered":"<p>Le spray exterminateur d&rsquo;odeurs de fum\u00e9e, 7 oz, Dragon&rsquo;s Blood d\u00e9livre un parfum d&rsquo;encens familier avec des notes d&rsquo;ambre et de vanille.<\/p>\n","protected":false},"featured_media":43428,"comment_status":"open","ping_status":"closed","template":"","meta":[],"product_brand":[],"product_cat":[2172],"product_tag":[2210,2450,2448],"class_list":{"0":"post-44622","1":"product","2":"type-product","3":"status-publish","4":"has-post-thumbnail","6":"product_cat-non-categorise","7":"product_tag-bergamote","8":"product_tag-citron","9":"product_tag-lavende","10":"yith_product_brand-smoke-odor-fr","12":"first","13":"outofstock","14":"taxable","15":"shipping-taxable","16":"purchasable","17":"product-type-simple"},"_links":{"self":[{"href":"https:\/\/taste-it.ca\/fr\/wp-json\/wp\/v2\/product\/44622","targetHints":{"allow":["GET"]}}],"collection":[{"href":"https:\/\/taste-it.ca\/fr\/wp-json\/wp\/v2\/product"}],"about":[{"href":"https:\/\/taste-it.ca\/fr\/wp-json\/wp\/v2\/types\/product"}],"replies":[{"embeddable":true,"href":"https:\/\/taste-it.ca\/fr\/wp-json\/wp\/v2\/comments?post=44622"}],"wp:featuredmedia":[{"embeddable":true,"href":"https:\/\/taste-it.ca\/fr\/wp-json\/wp\/v2\/media\/43428"}],"wp:attachment":[{"href":"https:\/\/taste-it.ca\/fr\/wp-json\/wp\/v2\/media?parent=44622"}],"wp:term":[{"taxonomy":"product_brand","embeddable":true,"href":"https:\/\/taste-it.ca\/fr\/wp-json\/wp\/v2\/product_brand?post=44622"},{"taxonomy":"product_cat","embeddable":true,"href":"https:\/\/taste-it.ca\/fr\/wp-json\/wp\/v2\/product_cat?post=44622"},{"taxonomy":"product_tag","embeddable":true,"href":"https:\/\/taste-it.ca\/fr\/wp-json\/wp\/v2\/product_tag?post=44622"}],"curies":[{"name":"wp","href":"https:\/\/api.w.org\/{rel}","templated":true}]}}