{"id":44621,"date":"2025-10-09T09:04:31","date_gmt":"2025-10-09T13:04:31","guid":{"rendered":"https:\/\/taste-it.ca\/boutique\/non class\u00e9\/terpene-flavoured-infused-tips-2-pck-berry-par-king-palm\/"},"modified":"2025-10-09T09:04:31","modified_gmt":"2025-10-09T13:04:31","slug":"terpene-flavoured-infused-tips-2-pck-berry-par-king-palm","status":"publish","type":"product","link":"https:\/\/taste-it.ca\/fr\/product\/terpene-flavoured-infused-tips-2-pck-berry-par-king-palm\/","title":{"rendered":"Terpene Flavoured Infused Tips (2\/pck), Berry par King Palm"},"content":{"rendered":"<p>Les filtres infus\u00e9es aromatis\u00e9es au terp\u00e8ne King Palm avec saveur de baies sont con\u00e7ues pour une livraison au go\u00fbt fruit\u00e9 sur des papiers \u00e0 rouler, des blunt wraps ou des cigarillos. Fabriqu\u00e9 \u00e0 partir d&rsquo;enveloppes de ma\u00efs enti\u00e8rement naturelles et sans OGM, chaque pointe de filtre a une perle de saveur int\u00e9gr\u00e9e faite d&rsquo;huiles essentielles de qualit\u00e9 alimentaire infus\u00e9es de terp\u00e8nes qui offrent une saveur subtile. Chacun d&rsquo;entre eux dispose de deux filtres individuels de 7 millim\u00e8tres qui sont extr\u00eamement efficaces et id\u00e9aux pour enrouler les joints et les blunts.<\/p>\n<p><strong>Caract\u00e9ristiques<\/strong><\/p>\n<ul>\n<li>\u2013 Taille : 7 mm<\/li>\n<li>\u2013 Filtres infus\u00e9s de terp\u00e8nes<\/li>\n<li>\u2013 Cosses de ma\u00efs naturelles<\/li>\n<li>\u2013 Perle de saveur<\/li>\n<li>\u2013 Roul\u00e9 individuellement \u00e0 la main<\/li>\n<li>\u2013 S&rsquo;utilise avec du papier \u00e0 rouler, du papier mousse et des cigarillos<\/li>\n<li>\u2013 2 filtres \/ pack<\/li>\n<\/ul>\n","protected":false},"excerpt":{"rendered":"<p>Les filtres infus\u00e9es aromatis\u00e9es au terp\u00e8ne King Palm avec saveur de baies sont con\u00e7ues pour une livraison au go\u00fbt fruit\u00e9 sur des papiers \u00e0 rouler, des blunt wraps ou des cigarillos.<\/p>\n","protected":false},"featured_media":43706,"comment_status":"open","ping_status":"closed","template":"","meta":[],"product_brand":[],"product_cat":[2172],"product_tag":[],"class_list":{"0":"post-44621","1":"product","2":"type-product","3":"status-publish","4":"has-post-thumbnail","6":"product_cat-non-categorise","7":"yith_product_brand-king-palm-fr","9":"first","10":"instock","11":"taxable","12":"shipping-taxable","13":"purchasable","14":"product-type-simple"},"_links":{"self":[{"href":"https:\/\/taste-it.ca\/fr\/wp-json\/wp\/v2\/product\/44621","targetHints":{"allow":["GET"]}}],"collection":[{"href":"https:\/\/taste-it.ca\/fr\/wp-json\/wp\/v2\/product"}],"about":[{"href":"https:\/\/taste-it.ca\/fr\/wp-json\/wp\/v2\/types\/product"}],"replies":[{"embeddable":true,"href":"https:\/\/taste-it.ca\/fr\/wp-json\/wp\/v2\/comments?post=44621"}],"wp:featuredmedia":[{"embeddable":true,"href":"https:\/\/taste-it.ca\/fr\/wp-json\/wp\/v2\/media\/43706"}],"wp:attachment":[{"href":"https:\/\/taste-it.ca\/fr\/wp-json\/wp\/v2\/media?parent=44621"}],"wp:term":[{"taxonomy":"product_brand","embeddable":true,"href":"https:\/\/taste-it.ca\/fr\/wp-json\/wp\/v2\/product_brand?post=44621"},{"taxonomy":"product_cat","embeddable":true,"href":"https:\/\/taste-it.ca\/fr\/wp-json\/wp\/v2\/product_cat?post=44621"},{"taxonomy":"product_tag","embeddable":true,"href":"https:\/\/taste-it.ca\/fr\/wp-json\/wp\/v2\/product_tag?post=44621"}],"curies":[{"name":"wp","href":"https:\/\/api.w.org\/{rel}","templated":true}]}}