{"id":44618,"date":"2025-10-09T09:04:31","date_gmt":"2025-10-09T13:04:31","guid":{"rendered":"https:\/\/taste-it.ca\/boutique\/non%20class\u00e9\/sugar-skull-spray-par-smoke-odor-exterminator\/"},"modified":"2025-10-15T14:53:19","modified_gmt":"2025-10-15T18:53:19","slug":"sugar-skull-spray-par-smoke-odor-exterminator","status":"publish","type":"product","link":"https:\/\/taste-it.ca\/fr\/product\/sugar-skull-spray-par-smoke-odor-exterminator\/","title":{"rendered":"Sugar Skull Spray par Smoke Odor Exterminator"},"content":{"rendered":"<p>Le spray exterminateur d&rsquo;odeurs de fum\u00e9e, 7 oz, Sugar Skull partage une eau de Cologne pour hommes avec des notes de lavande, de bois de santal, d&rsquo;\u00e9pices combin\u00e9es \u00e0 de la vanille bourbon, des p\u00e9tales d&rsquo;orchid\u00e9e et de grenade pour cr\u00e9er un musc d\u00e9licat.<\/p>\n<p>Ce d\u00e9sodorisant \u00e0 formule enzymatique agit rapidement pour \u00e9liminer les odeurs d\u00e9sagr\u00e9ables de cigarettes, de pipes, de cigares, d&rsquo;animaux domestiques et d&rsquo;autres odeurs domestiques.<\/p>\n<p><strong>Caract\u00e9ristiques<\/strong><\/p>\n<ul>\n<li>Id\u00e9al pour \u00e9liminer la fum\u00e9e ind\u00e9sirable des cigarettes, pipes, cigares, animaux domestiques, etc\u2026<\/li>\n<li>Parfum : cr\u00e2ne de sucre<\/li>\n<li>Notes parfum\u00e9es : douces, musqu\u00e9es, \u00e9pic\u00e9es<\/li>\n<li>Formul\u00e9 enzymatique<\/li>\n<li>Action rapide et pratique<\/li>\n<li>Poids\u00a0: 7\u00a0oz<\/li>\n<\/ul>\n","protected":false},"excerpt":{"rendered":"<p>Le spray exterminateur d&rsquo;odeurs de fum\u00e9e, 7 oz, Sugar Skull partage une eau de Cologne pour hommes avec des notes de lavande, de bois de santal, d&rsquo;\u00e9pices combin\u00e9es \u00e0 de la vanille bourbon, des p\u00e9tales d&rsquo;orchid\u00e9e et de grenade pour cr\u00e9er un musc d\u00e9licat.<\/p>\n","protected":false},"featured_media":43690,"comment_status":"open","ping_status":"closed","template":"","meta":[],"product_brand":[],"product_cat":[2172],"product_tag":[2448,2348,2663],"class_list":{"0":"post-44618","1":"product","2":"type-product","3":"status-publish","4":"has-post-thumbnail","6":"product_cat-non-categorise","7":"product_tag-lavende","8":"product_tag-pimenter","9":"product_tag-vanilla-fr","10":"yith_product_brand-smoke-odor-fr","12":"first","13":"instock","14":"taxable","15":"shipping-taxable","16":"purchasable","17":"product-type-simple"},"_links":{"self":[{"href":"https:\/\/taste-it.ca\/fr\/wp-json\/wp\/v2\/product\/44618","targetHints":{"allow":["GET"]}}],"collection":[{"href":"https:\/\/taste-it.ca\/fr\/wp-json\/wp\/v2\/product"}],"about":[{"href":"https:\/\/taste-it.ca\/fr\/wp-json\/wp\/v2\/types\/product"}],"replies":[{"embeddable":true,"href":"https:\/\/taste-it.ca\/fr\/wp-json\/wp\/v2\/comments?post=44618"}],"wp:featuredmedia":[{"embeddable":true,"href":"https:\/\/taste-it.ca\/fr\/wp-json\/wp\/v2\/media\/43690"}],"wp:attachment":[{"href":"https:\/\/taste-it.ca\/fr\/wp-json\/wp\/v2\/media?parent=44618"}],"wp:term":[{"taxonomy":"product_brand","embeddable":true,"href":"https:\/\/taste-it.ca\/fr\/wp-json\/wp\/v2\/product_brand?post=44618"},{"taxonomy":"product_cat","embeddable":true,"href":"https:\/\/taste-it.ca\/fr\/wp-json\/wp\/v2\/product_cat?post=44618"},{"taxonomy":"product_tag","embeddable":true,"href":"https:\/\/taste-it.ca\/fr\/wp-json\/wp\/v2\/product_tag?post=44618"}],"curies":[{"name":"wp","href":"https:\/\/api.w.org\/{rel}","templated":true}]}}