{"id":44616,"date":"2025-10-09T09:04:31","date_gmt":"2025-10-09T13:04:31","guid":{"rendered":"https:\/\/taste-it.ca\/boutique\/non class\u00e9\/sugar-plum-limited-edition-candle-par-smoke-odor-exterminator\/"},"modified":"2025-10-09T09:04:31","modified_gmt":"2025-10-09T13:04:31","slug":"sugar-plum-limited-edition-candle-par-smoke-odor-exterminator","status":"publish","type":"product","link":"https:\/\/taste-it.ca\/fr\/product\/sugar-plum-limited-edition-candle-par-smoke-odor-exterminator\/","title":{"rendered":"Sugar Plum Limited Edition Candle par Smoke Odor Exterminator"},"content":{"rendered":"<p>Les bougies Smoke Odor Exterminator au parfum de Prunes Sucr\u00e9es produisent un parfum sucr\u00e9 et gourmand avec des notes de nectar de prune, de m\u00fbre, de sucre au citron, d&rsquo;abricot et de guimauve sucr\u00e9e.<\/p>\n<p>Ce sont des bougies formul\u00e9es avec des enzymes qui attaquent et d\u00e9composent parfaitement les odeurs d\u00e9sagr\u00e9ables, allant des cigarettes, pipes, cigares, animaux de compagnie aux autres odeurs de la maison.<\/p>\n<p><b>Caract\u00e9ristiques<\/b><\/p>\n<ul>\n<li><span style=\"font-weight: 400;\">Id\u00e9al pour enlever la fum\u00e9e ind\u00e9sirable de cigarettes, pipes, cigares, animaux de compagnie, etc.<\/span><\/li>\n<li><span style=\"font-weight: 400;\">Parfum : prune sucr\u00e9e<\/span><\/li>\n<li><span style=\"font-weight: 400;\">Notes de parfum : sucr\u00e9e, fruit<\/span><\/li>\n<li><span style=\"font-weight: 400;\">Formul\u00e9 avec des enzymes<\/span><\/li>\n<li><span style=\"font-weight: 400;\">Dur\u00e9e de combustion : jusqu&rsquo;\u00e0 70 heures<\/span><\/li>\n<li><span style=\"font-weight: 400;\">Poids : 13 oz<\/span><\/li>\n<\/ul>\n","protected":false},"excerpt":{"rendered":"<p>Les bougies Smoke Odor Exterminator au parfum de Sugar Plum produisent un parfum sucr\u00e9 et gourmand avec des notes de nectar de prune, de m\u00fbre, de sucre au citron, d&rsquo;abricot et de guimauve sucr\u00e9e.<\/p>\n","protected":false},"featured_media":43704,"comment_status":"open","ping_status":"closed","template":"","meta":[],"product_brand":[],"product_cat":[2172],"product_tag":[],"class_list":{"0":"post-44616","1":"product","2":"type-product","3":"status-publish","4":"has-post-thumbnail","6":"product_cat-non-categorise","7":"yith_product_brand-smoke-odor-fr","9":"first","10":"outofstock","11":"taxable","12":"shipping-taxable","13":"purchasable","14":"product-type-simple"},"_links":{"self":[{"href":"https:\/\/taste-it.ca\/fr\/wp-json\/wp\/v2\/product\/44616","targetHints":{"allow":["GET"]}}],"collection":[{"href":"https:\/\/taste-it.ca\/fr\/wp-json\/wp\/v2\/product"}],"about":[{"href":"https:\/\/taste-it.ca\/fr\/wp-json\/wp\/v2\/types\/product"}],"replies":[{"embeddable":true,"href":"https:\/\/taste-it.ca\/fr\/wp-json\/wp\/v2\/comments?post=44616"}],"wp:featuredmedia":[{"embeddable":true,"href":"https:\/\/taste-it.ca\/fr\/wp-json\/wp\/v2\/media\/43704"}],"wp:attachment":[{"href":"https:\/\/taste-it.ca\/fr\/wp-json\/wp\/v2\/media?parent=44616"}],"wp:term":[{"taxonomy":"product_brand","embeddable":true,"href":"https:\/\/taste-it.ca\/fr\/wp-json\/wp\/v2\/product_brand?post=44616"},{"taxonomy":"product_cat","embeddable":true,"href":"https:\/\/taste-it.ca\/fr\/wp-json\/wp\/v2\/product_cat?post=44616"},{"taxonomy":"product_tag","embeddable":true,"href":"https:\/\/taste-it.ca\/fr\/wp-json\/wp\/v2\/product_tag?post=44616"}],"curies":[{"name":"wp","href":"https:\/\/api.w.org\/{rel}","templated":true}]}}