{"id":44615,"date":"2025-10-09T09:04:31","date_gmt":"2025-10-09T13:04:31","guid":{"rendered":"https:\/\/taste-it.ca\/boutique\/non class\u00e9\/suga-punch-mini-cones-par-king-palm\/"},"modified":"2025-10-09T09:04:31","modified_gmt":"2025-10-09T13:04:31","slug":"suga-punch-mini-cones-par-king-palm","status":"publish","type":"product","link":"https:\/\/taste-it.ca\/fr\/product\/suga-punch-mini-cones-par-king-palm\/","title":{"rendered":"Suga Punch Mini Cones par King Palm"},"content":{"rendered":"<p>Les c\u00f4nes mini aromatis\u00e9s King Palm sont des c\u00f4nes artisanaux confectionn\u00e9s avec les meilleures feuilles de palmier pour un go\u00fbt enti\u00e8rement naturel. La bo\u00eete d&rsquo;affichage comprend 20 paquets contenant 2 mini-c\u00f4nes chacun, ainsi qu&rsquo;un b\u00e2ton de tassage. Chaque mini-rouleau individuel a une capacit\u00e9 allant jusqu&rsquo;\u00e0 1 gramme. Saveur miel et orange magique.<\/p>\n<p><strong>Caract\u00e9ristiques<\/strong><\/p>\n<ul>\n<li>Saveur de miel et orange<\/li>\n<li>100 % de v\u00e9ritable feuille de palmier<\/li>\n<li>Enveloppe de ma\u00efs biologique et sans OGM<\/li>\n<li>Sans tabac ni produits chimiques<\/li>\n<li>Combustion lente<\/li>\n<li>Poids total : 0,45 lb (environ 204 g)<\/li>\n<li>2 mini-c\u00f4nes + 1 b\u00e2ton de tassage par paquet<\/li>\n<\/ul>\n","protected":false},"excerpt":{"rendered":"<p>Les c\u00f4nes mini aromatis\u00e9s King Palm sont des c\u00f4nes artisanaux confectionn\u00e9s avec les meilleures feuilles de palmier pour un go\u00fbt enti\u00e8rement naturel.<\/p>\n","protected":false},"featured_media":43700,"comment_status":"open","ping_status":"closed","template":"","meta":[],"product_brand":[],"product_cat":[2172],"product_tag":[2302,2325],"class_list":{"0":"post-44615","1":"product","2":"type-product","3":"status-publish","4":"has-post-thumbnail","6":"product_cat-non-categorise","7":"product_tag-miel","8":"product_tag-orange-fr","9":"yith_product_brand-king-palm-fr","11":"first","12":"outofstock","13":"taxable","14":"shipping-taxable","15":"purchasable","16":"product-type-simple"},"_links":{"self":[{"href":"https:\/\/taste-it.ca\/fr\/wp-json\/wp\/v2\/product\/44615","targetHints":{"allow":["GET"]}}],"collection":[{"href":"https:\/\/taste-it.ca\/fr\/wp-json\/wp\/v2\/product"}],"about":[{"href":"https:\/\/taste-it.ca\/fr\/wp-json\/wp\/v2\/types\/product"}],"replies":[{"embeddable":true,"href":"https:\/\/taste-it.ca\/fr\/wp-json\/wp\/v2\/comments?post=44615"}],"wp:featuredmedia":[{"embeddable":true,"href":"https:\/\/taste-it.ca\/fr\/wp-json\/wp\/v2\/media\/43700"}],"wp:attachment":[{"href":"https:\/\/taste-it.ca\/fr\/wp-json\/wp\/v2\/media?parent=44615"}],"wp:term":[{"taxonomy":"product_brand","embeddable":true,"href":"https:\/\/taste-it.ca\/fr\/wp-json\/wp\/v2\/product_brand?post=44615"},{"taxonomy":"product_cat","embeddable":true,"href":"https:\/\/taste-it.ca\/fr\/wp-json\/wp\/v2\/product_cat?post=44615"},{"taxonomy":"product_tag","embeddable":true,"href":"https:\/\/taste-it.ca\/fr\/wp-json\/wp\/v2\/product_tag?post=44615"}],"curies":[{"name":"wp","href":"https:\/\/api.w.org\/{rel}","templated":true}]}}