{"id":44609,"date":"2025-10-09T09:04:31","date_gmt":"2025-10-09T13:04:31","guid":{"rendered":"https:\/\/taste-it.ca\/boutique\/non class\u00e9\/strawberry-fields-20-pck-par-juicy-jays-thai-incense\/"},"modified":"2025-10-09T09:04:31","modified_gmt":"2025-10-09T13:04:31","slug":"strawberry-fields-20-pck-par-juicy-jays-thai-incense","status":"publish","type":"product","link":"https:\/\/taste-it.ca\/fr\/product\/strawberry-fields-20-pck-par-juicy-jays-thai-incense\/","title":{"rendered":"Strawberry Fields (20\/PCK) par Juicy Jay\u2019s Thai Incense"},"content":{"rendered":"","protected":false},"excerpt":{"rendered":"<p>Les b\u00e2tonnets d&rsquo;encens Juicy Jay&rsquo;s Thai strawberry fields sont riches en saveur et en ar\u00f4me, parfaits pour rafra\u00eechir une pi\u00e8ce et se d\u00e9barrasser des odeurs ind\u00e9sirables.<\/p>\n","protected":false},"featured_media":43696,"comment_status":"open","ping_status":"closed","template":"","meta":[],"product_brand":[],"product_cat":[2172],"product_tag":[2351],"class_list":{"0":"post-44609","1":"product","2":"type-product","3":"status-publish","4":"has-post-thumbnail","6":"product_cat-non-categorise","7":"product_tag-fraise","8":"yith_product_brand-juicy-jays-fr","10":"first","11":"outofstock","12":"taxable","13":"shipping-taxable","14":"purchasable","15":"product-type-simple"},"_links":{"self":[{"href":"https:\/\/taste-it.ca\/fr\/wp-json\/wp\/v2\/product\/44609","targetHints":{"allow":["GET"]}}],"collection":[{"href":"https:\/\/taste-it.ca\/fr\/wp-json\/wp\/v2\/product"}],"about":[{"href":"https:\/\/taste-it.ca\/fr\/wp-json\/wp\/v2\/types\/product"}],"replies":[{"embeddable":true,"href":"https:\/\/taste-it.ca\/fr\/wp-json\/wp\/v2\/comments?post=44609"}],"wp:featuredmedia":[{"embeddable":true,"href":"https:\/\/taste-it.ca\/fr\/wp-json\/wp\/v2\/media\/43696"}],"wp:attachment":[{"href":"https:\/\/taste-it.ca\/fr\/wp-json\/wp\/v2\/media?parent=44609"}],"wp:term":[{"taxonomy":"product_brand","embeddable":true,"href":"https:\/\/taste-it.ca\/fr\/wp-json\/wp\/v2\/product_brand?post=44609"},{"taxonomy":"product_cat","embeddable":true,"href":"https:\/\/taste-it.ca\/fr\/wp-json\/wp\/v2\/product_cat?post=44609"},{"taxonomy":"product_tag","embeddable":true,"href":"https:\/\/taste-it.ca\/fr\/wp-json\/wp\/v2\/product_tag?post=44609"}],"curies":[{"name":"wp","href":"https:\/\/api.w.org\/{rel}","templated":true}]}}