{"id":44602,"date":"2025-10-09T09:04:31","date_gmt":"2025-10-09T13:04:31","guid":{"rendered":"https:\/\/taste-it.ca\/boutique\/non class\u00e9\/spiced-cider-limited-edition-candle-par-smoke-odor-exterminator\/"},"modified":"2025-10-09T09:04:31","modified_gmt":"2025-10-09T13:04:31","slug":"spiced-cider-limited-edition-candle-par-smoke-odor-exterminator","status":"publish","type":"product","link":"https:\/\/taste-it.ca\/fr\/product\/spiced-cider-limited-edition-candle-par-smoke-odor-exterminator\/","title":{"rendered":"Spiced Cider Limited Edition Candle par Smoke Odor Exterminator"},"content":{"rendered":"<p>La bougie Smoke Odor Exterminator \u00e9dition limit\u00e9e au parfum de Cidre \u00c9pic\u00e9 est un d\u00e9licieux m\u00e9lange de cidre chaud aux pommes avec des notes de muscade en arri\u00e8re-plan.<\/p>\n<p>Les bougies \u00e0 base d&rsquo;enzymes attaquent et d\u00e9composent parfaitement les odeurs d\u00e9sagr\u00e9ables, allant des cigarettes, pipes, cigares, animaux domestiques \u00e0 d&rsquo;autres odeurs domestiques.<\/p>\n<p><strong>Caract\u00e9ristiques<\/strong><\/p>\n<ul>\n<li>Id\u00e9al pour \u00e9liminer la fum\u00e9e ind\u00e9sirable des cigarettes, pipes, cigares, animaux domestiques, etc\u2026<\/li>\n<li>Parfum : Cidre \u00c9pic\u00e9<\/li>\n<li>Notes de parfum : \u00e9pic\u00e9, sucr\u00e9, noisette<\/li>\n<li>Formul\u00e9 enzymatique<\/li>\n<li>Dur\u00e9e de combustion : jusqu&rsquo;\u00e0 70 heures<\/li>\n<li>Poids : 13 oz<\/li>\n<\/ul>\n","protected":false},"excerpt":{"rendered":"<p>La bougie Smoke Odor Exterminator \u00e9dition limit\u00e9e au parfum de Cidre \u00c9pic\u00e9 est un d\u00e9licieux m\u00e9lange de cidre chaud aux pommes avec des notes de muscade en arri\u00e8re-plan.<\/p>\n","protected":false},"featured_media":43678,"comment_status":"open","ping_status":"closed","template":"","meta":[],"product_brand":[],"product_cat":[2172],"product_tag":[2355,2348,2197],"class_list":{"0":"post-44602","1":"product","2":"type-product","3":"status-publish","4":"has-post-thumbnail","6":"product_cat-non-categorise","7":"product_tag-doux","8":"product_tag-pimenter","9":"product_tag-pomme","10":"yith_product_brand-smoke-odor-fr","12":"first","13":"outofstock","14":"taxable","15":"shipping-taxable","16":"purchasable","17":"product-type-simple"},"_links":{"self":[{"href":"https:\/\/taste-it.ca\/fr\/wp-json\/wp\/v2\/product\/44602","targetHints":{"allow":["GET"]}}],"collection":[{"href":"https:\/\/taste-it.ca\/fr\/wp-json\/wp\/v2\/product"}],"about":[{"href":"https:\/\/taste-it.ca\/fr\/wp-json\/wp\/v2\/types\/product"}],"replies":[{"embeddable":true,"href":"https:\/\/taste-it.ca\/fr\/wp-json\/wp\/v2\/comments?post=44602"}],"wp:featuredmedia":[{"embeddable":true,"href":"https:\/\/taste-it.ca\/fr\/wp-json\/wp\/v2\/media\/43678"}],"wp:attachment":[{"href":"https:\/\/taste-it.ca\/fr\/wp-json\/wp\/v2\/media?parent=44602"}],"wp:term":[{"taxonomy":"product_brand","embeddable":true,"href":"https:\/\/taste-it.ca\/fr\/wp-json\/wp\/v2\/product_brand?post=44602"},{"taxonomy":"product_cat","embeddable":true,"href":"https:\/\/taste-it.ca\/fr\/wp-json\/wp\/v2\/product_cat?post=44602"},{"taxonomy":"product_tag","embeddable":true,"href":"https:\/\/taste-it.ca\/fr\/wp-json\/wp\/v2\/product_tag?post=44602"}],"curies":[{"name":"wp","href":"https:\/\/api.w.org\/{rel}","templated":true}]}}