{"id":44601,"date":"2025-10-09T09:04:31","date_gmt":"2025-10-09T13:04:31","guid":{"rendered":"https:\/\/taste-it.ca\/boutique\/non class\u00e9\/sparkling-juniper-limited-edition-candle-par-smoke-odor-exterminator\/"},"modified":"2025-10-09T09:04:31","modified_gmt":"2025-10-09T13:04:31","slug":"sparkling-juniper-limited-edition-candle-par-smoke-odor-exterminator","status":"publish","type":"product","link":"https:\/\/taste-it.ca\/fr\/product\/sparkling-juniper-limited-edition-candle-par-smoke-odor-exterminator\/","title":{"rendered":"Sparkling Juniper Limited Edition Candle par Smoke Odor Exterminator"},"content":{"rendered":"<p>Le parfum Sparkling Juniper comprend du sapin coup\u00e9, des notes d\u2019agrumes sucr\u00e9es, des baies de geni\u00e8vre, du bois de c\u00e8dre et une touche d\u2019\u00e9pices, cr\u00e9ant une atmosph\u00e8re rafra\u00eechissante et invitante.<\/p>\n<p>Les tuyaux sont des bougies \u00e0 base d&rsquo;enzymes qui attaquent et d\u00e9composent parfaitement les odeurs d\u00e9sagr\u00e9ables, allant des cigarettes, pipes, cigares, animaux domestiques \u00e0 d&rsquo;autres odeurs domestiques.<\/p>\n<p><strong>Caract\u00e9ristiques<\/strong><\/p>\n<ul>\n<li>Id\u00e9al pour \u00e9liminer la fum\u00e9e ind\u00e9sirable des cigarettes, pipes, cigares, animaux domestiques, etc\u2026<\/li>\n<li>Parfum : Gen\u00e9vrier p\u00e9tillant<\/li>\n<li>Notes parfum\u00e9es : Fruit\u00e9, bois\u00e9, \u00e9pic\u00e9<\/li>\n<li>Formul\u00e9 enzymatique<\/li>\n<li>Dur\u00e9e de combustion : jusqu&rsquo;\u00e0 70 heures<\/li>\n<li>Poids : 13 oz<\/li>\n<\/ul>\n","protected":false},"excerpt":{"rendered":"<p>Le parfum Sparkling Juniper comprend du sapin coup\u00e9, des notes d\u2019agrumes sucr\u00e9es, des baies de geni\u00e8vre, du bois de c\u00e8dre et une touche d\u2019\u00e9pices, cr\u00e9ant une atmosph\u00e8re rafra\u00eechissante et invitante.<\/p>\n","protected":false},"featured_media":43676,"comment_status":"open","ping_status":"closed","template":"","meta":[],"product_brand":[],"product_cat":[2172],"product_tag":[2211,3141,2348],"class_list":{"0":"post-44601","1":"product","2":"type-product","3":"status-publish","4":"has-post-thumbnail","6":"product_cat-non-categorise","7":"product_tag-baies","8":"product_tag-cedre","9":"product_tag-pimenter","10":"yith_product_brand-smoke-odor-fr","12":"first","13":"outofstock","14":"taxable","15":"shipping-taxable","16":"purchasable","17":"product-type-simple"},"_links":{"self":[{"href":"https:\/\/taste-it.ca\/fr\/wp-json\/wp\/v2\/product\/44601","targetHints":{"allow":["GET"]}}],"collection":[{"href":"https:\/\/taste-it.ca\/fr\/wp-json\/wp\/v2\/product"}],"about":[{"href":"https:\/\/taste-it.ca\/fr\/wp-json\/wp\/v2\/types\/product"}],"replies":[{"embeddable":true,"href":"https:\/\/taste-it.ca\/fr\/wp-json\/wp\/v2\/comments?post=44601"}],"wp:featuredmedia":[{"embeddable":true,"href":"https:\/\/taste-it.ca\/fr\/wp-json\/wp\/v2\/media\/43676"}],"wp:attachment":[{"href":"https:\/\/taste-it.ca\/fr\/wp-json\/wp\/v2\/media?parent=44601"}],"wp:term":[{"taxonomy":"product_brand","embeddable":true,"href":"https:\/\/taste-it.ca\/fr\/wp-json\/wp\/v2\/product_brand?post=44601"},{"taxonomy":"product_cat","embeddable":true,"href":"https:\/\/taste-it.ca\/fr\/wp-json\/wp\/v2\/product_cat?post=44601"},{"taxonomy":"product_tag","embeddable":true,"href":"https:\/\/taste-it.ca\/fr\/wp-json\/wp\/v2\/product_tag?post=44601"}],"curies":[{"name":"wp","href":"https:\/\/api.w.org\/{rel}","templated":true}]}}