{"id":44599,"date":"2025-10-09T09:04:31","date_gmt":"2025-10-09T13:04:31","guid":{"rendered":"https:\/\/taste-it.ca\/boutique\/non class\u00e9\/snaps-24-pck-par-randys\/"},"modified":"2025-10-09T09:04:31","modified_gmt":"2025-10-09T13:04:31","slug":"snaps-24-pck-par-randys","status":"publish","type":"product","link":"https:\/\/taste-it.ca\/fr\/product\/snaps-24-pck-par-randys\/","title":{"rendered":"Snaps (24\/PCK) par Randy&rsquo;s"},"content":{"rendered":"<p>Les Randy&rsquo;s Snaps sont des cotons-tiges parfaits pour nettoyer les endroits difficiles d&rsquo;acc\u00e8s. Chaque Snap est rempli d&rsquo;alcool et contient 2 cotons-tiges qui peuvent \u00eatre utilis\u00e9s pour frotter. Un rapide \u00ab\u00a0claquement\u00a0\u00bb du coton-tige avec la ligne bleue et l&rsquo;alcool est lib\u00e9r\u00e9 de la tige vers le bas dans le coton-tige. Essuyez simplement n&rsquo;importe quelle surface pour nettoyer. Chaque pack contient 24 Snaps.<\/p>\n<p><strong>Caract\u00e9ristiques<\/strong><\/p>\n<ul>\n<li>\u2013 Chaque pack contient 24 Snaps<\/li>\n<li>\u2013 Rempli d&rsquo;alcool<\/li>\n<li>&#8211; Id\u00e9al pour les endroits difficiles d&rsquo;acc\u00e8s<\/li>\n<\/ul>\n","protected":false},"excerpt":{"rendered":"<p>Les Randy&rsquo;s Snaps sont des cotons-tiges parfaits pour nettoyer les endroits difficiles d&rsquo;acc\u00e8s.<\/p>\n","protected":false},"featured_media":43674,"comment_status":"open","ping_status":"closed","template":"","meta":[],"product_brand":[],"product_cat":[2172],"product_tag":[],"class_list":{"0":"post-44599","1":"product","2":"type-product","3":"status-publish","4":"has-post-thumbnail","6":"product_cat-non-categorise","7":"yith_product_brand-randys-fr","9":"first","10":"instock","11":"taxable","12":"shipping-taxable","13":"purchasable","14":"product-type-simple"},"_links":{"self":[{"href":"https:\/\/taste-it.ca\/fr\/wp-json\/wp\/v2\/product\/44599","targetHints":{"allow":["GET"]}}],"collection":[{"href":"https:\/\/taste-it.ca\/fr\/wp-json\/wp\/v2\/product"}],"about":[{"href":"https:\/\/taste-it.ca\/fr\/wp-json\/wp\/v2\/types\/product"}],"replies":[{"embeddable":true,"href":"https:\/\/taste-it.ca\/fr\/wp-json\/wp\/v2\/comments?post=44599"}],"wp:featuredmedia":[{"embeddable":true,"href":"https:\/\/taste-it.ca\/fr\/wp-json\/wp\/v2\/media\/43674"}],"wp:attachment":[{"href":"https:\/\/taste-it.ca\/fr\/wp-json\/wp\/v2\/media?parent=44599"}],"wp:term":[{"taxonomy":"product_brand","embeddable":true,"href":"https:\/\/taste-it.ca\/fr\/wp-json\/wp\/v2\/product_brand?post=44599"},{"taxonomy":"product_cat","embeddable":true,"href":"https:\/\/taste-it.ca\/fr\/wp-json\/wp\/v2\/product_cat?post=44599"},{"taxonomy":"product_tag","embeddable":true,"href":"https:\/\/taste-it.ca\/fr\/wp-json\/wp\/v2\/product_tag?post=44599"}],"curies":[{"name":"wp","href":"https:\/\/api.w.org\/{rel}","templated":true}]}}