{"id":44598,"date":"2025-10-09T09:04:16","date_gmt":"2025-10-09T13:04:16","guid":{"rendered":"https:\/\/taste-it.ca\/boutique\/non class\u00e9\/slow-burning-hemp-rolling-papers-1-1-4-par-elements-red\/"},"modified":"2025-10-09T09:04:16","modified_gmt":"2025-10-09T13:04:16","slug":"slow-burning-hemp-rolling-papers-1-1-4-par-elements-red","status":"publish","type":"product","link":"https:\/\/taste-it.ca\/fr\/product\/slow-burning-hemp-rolling-papers-1-1-4-par-elements-red\/","title":{"rendered":"Slow Burning Hemp Rolling Papers 1 1\/4 par Elements Red"},"content":{"rendered":"<p>Les papiers \u00e0 rouler Elements Red avec bo\u00eetier magn\u00e9tique sont fabriqu\u00e9s \u00e0 partir de chanvre \u00e0 combustion lente, offrant un papier plus \u00e9pais avec la capacit\u00e9 de br\u00fbler des mat\u00e9riaux plus denses et plus humides sans sortir.<\/p>\n<ul>\n<li>Taille : 1 1\/4<\/li>\n<li>50 feuilles par paquet<\/li>\n<\/ul>\n","protected":false},"excerpt":{"rendered":"<p>Ces c\u00f4nes pr\u00e9-roul\u00e9s facilitent la t\u00e2che, il suffit de les remplir et de les emballer.<\/p>\n","protected":false},"featured_media":43474,"comment_status":"open","ping_status":"closed","template":"","meta":[],"product_brand":[],"product_cat":[2172],"product_tag":[],"class_list":{"0":"post-44598","1":"product","2":"type-product","3":"status-publish","4":"has-post-thumbnail","6":"product_cat-non-categorise","7":"yith_product_brand-elements-fr","9":"first","10":"instock","11":"taxable","12":"shipping-taxable","13":"purchasable","14":"product-type-simple"},"_links":{"self":[{"href":"https:\/\/taste-it.ca\/fr\/wp-json\/wp\/v2\/product\/44598","targetHints":{"allow":["GET"]}}],"collection":[{"href":"https:\/\/taste-it.ca\/fr\/wp-json\/wp\/v2\/product"}],"about":[{"href":"https:\/\/taste-it.ca\/fr\/wp-json\/wp\/v2\/types\/product"}],"replies":[{"embeddable":true,"href":"https:\/\/taste-it.ca\/fr\/wp-json\/wp\/v2\/comments?post=44598"}],"wp:featuredmedia":[{"embeddable":true,"href":"https:\/\/taste-it.ca\/fr\/wp-json\/wp\/v2\/media\/43474"}],"wp:attachment":[{"href":"https:\/\/taste-it.ca\/fr\/wp-json\/wp\/v2\/media?parent=44598"}],"wp:term":[{"taxonomy":"product_brand","embeddable":true,"href":"https:\/\/taste-it.ca\/fr\/wp-json\/wp\/v2\/product_brand?post=44598"},{"taxonomy":"product_cat","embeddable":true,"href":"https:\/\/taste-it.ca\/fr\/wp-json\/wp\/v2\/product_cat?post=44598"},{"taxonomy":"product_tag","embeddable":true,"href":"https:\/\/taste-it.ca\/fr\/wp-json\/wp\/v2\/product_tag?post=44598"}],"curies":[{"name":"wp","href":"https:\/\/api.w.org\/{rel}","templated":true}]}}