{"id":44597,"date":"2025-10-09T09:04:16","date_gmt":"2025-10-09T13:04:16","guid":{"rendered":"https:\/\/taste-it.ca\/boutique\/non class\u00e9\/skunk-hemp-rolling-paper-single-wide-double-window-par-skunk-brand\/"},"modified":"2025-10-09T09:04:16","modified_gmt":"2025-10-09T13:04:16","slug":"skunk-hemp-rolling-paper-single-wide-double-window-par-skunk-brand","status":"publish","type":"product","link":"https:\/\/taste-it.ca\/fr\/product\/skunk-hemp-rolling-paper-single-wide-double-window-par-skunk-brand\/","title":{"rendered":"Skunk Hemp Rolling Paper, Single Wide Double Window par Skunk Brand"},"content":{"rendered":"<p>Les papiers \u00e0 rouler Skunk Hemp Single Wide sont fabriqu\u00e9s \u00e0 partir d&rsquo;ingr\u00e9dients 100% naturels, dont une gomme d&rsquo;acacia \u00e0 base de plantes. Les papiers comportent le filigrane anti-gouttes pour non seulement aider \u00e0 arr\u00eater les courses, mais \u00e9galement permettre des br\u00fblures douces et uniformes. Lors de son lancement en 1994, il a pris le march\u00e9 par surprise et s&rsquo;est taill\u00e9 une niche de longue date.<\/p>\n<p><strong>Caract\u00e9ristiques<\/strong><\/p>\n<ul>\n<li>\u2013 Gomme naturelle<\/li>\n<li>&#8211; la gomme d&rsquo;acacia<\/li>\n<li>&#8211; Combustion lente<\/li>\n<li>\u2013 Feuilles fines<\/li>\n<li>\u2013 Filigrane emp\u00eachant la course<\/li>\n<li>\u2013 Dimensions : 70 mm x 37 mm<\/li>\n<li>\u2013 50 papiers\/livret<\/li>\n<\/ul>\n","protected":false},"excerpt":{"rendered":"<p>Les papiers \u00e0 rouler Skunk Hemp Single Wide sont fabriqu\u00e9s \u00e0 partir d&rsquo;ingr\u00e9dients 100% naturels, dont une gomme d&rsquo;acacia \u00e0 base de plantes.<\/p>\n","protected":false},"featured_media":43654,"comment_status":"open","ping_status":"closed","template":"","meta":[],"product_brand":[],"product_cat":[2172],"product_tag":[],"class_list":{"0":"post-44597","1":"product","2":"type-product","3":"status-publish","4":"has-post-thumbnail","6":"product_cat-non-categorise","7":"yith_product_brand-skunk-brand-fr","9":"first","10":"instock","11":"taxable","12":"shipping-taxable","13":"purchasable","14":"product-type-simple"},"_links":{"self":[{"href":"https:\/\/taste-it.ca\/fr\/wp-json\/wp\/v2\/product\/44597","targetHints":{"allow":["GET"]}}],"collection":[{"href":"https:\/\/taste-it.ca\/fr\/wp-json\/wp\/v2\/product"}],"about":[{"href":"https:\/\/taste-it.ca\/fr\/wp-json\/wp\/v2\/types\/product"}],"replies":[{"embeddable":true,"href":"https:\/\/taste-it.ca\/fr\/wp-json\/wp\/v2\/comments?post=44597"}],"wp:featuredmedia":[{"embeddable":true,"href":"https:\/\/taste-it.ca\/fr\/wp-json\/wp\/v2\/media\/43654"}],"wp:attachment":[{"href":"https:\/\/taste-it.ca\/fr\/wp-json\/wp\/v2\/media?parent=44597"}],"wp:term":[{"taxonomy":"product_brand","embeddable":true,"href":"https:\/\/taste-it.ca\/fr\/wp-json\/wp\/v2\/product_brand?post=44597"},{"taxonomy":"product_cat","embeddable":true,"href":"https:\/\/taste-it.ca\/fr\/wp-json\/wp\/v2\/product_cat?post=44597"},{"taxonomy":"product_tag","embeddable":true,"href":"https:\/\/taste-it.ca\/fr\/wp-json\/wp\/v2\/product_tag?post=44597"}],"curies":[{"name":"wp","href":"https:\/\/api.w.org\/{rel}","templated":true}]}}