{"id":44592,"date":"2025-10-09T09:03:03","date_gmt":"2025-10-09T13:03:03","guid":{"rendered":"https:\/\/taste-it.ca\/boutique\/non class\u00e9\/salted-caramel-limited-edition-candle-par-smoke-odor-exterminator\/"},"modified":"2025-10-09T09:03:03","modified_gmt":"2025-10-09T13:03:03","slug":"salted-caramel-limited-edition-candle-par-smoke-odor-exterminator","status":"publish","type":"product","link":"https:\/\/taste-it.ca\/fr\/product\/salted-caramel-limited-edition-candle-par-smoke-odor-exterminator\/","title":{"rendered":"Salted Caramel Limited Edition Candle par Smoke Odor Exterminator"},"content":{"rendered":"","protected":false},"excerpt":{"rendered":"<p>Les bougies Smoke Odor Exterminator au parfum de Caramel Sal\u00e9 r\u00e9unissent la douceur sucr\u00e9e du caramel et la morsure du sel dans une combinaison de parfum inoubliable.<\/p>\n","protected":false},"featured_media":43660,"comment_status":"open","ping_status":"closed","template":"","meta":[],"product_brand":[],"product_cat":[2172],"product_tag":[2249],"class_list":{"0":"post-44592","1":"product","2":"type-product","3":"status-publish","4":"has-post-thumbnail","6":"product_cat-non-categorise","7":"product_tag-caramel-fr","8":"yith_product_brand-smoke-odor-fr","10":"first","11":"onbackorder","12":"taxable","13":"shipping-taxable","14":"purchasable","15":"product-type-simple"},"_links":{"self":[{"href":"https:\/\/taste-it.ca\/fr\/wp-json\/wp\/v2\/product\/44592","targetHints":{"allow":["GET"]}}],"collection":[{"href":"https:\/\/taste-it.ca\/fr\/wp-json\/wp\/v2\/product"}],"about":[{"href":"https:\/\/taste-it.ca\/fr\/wp-json\/wp\/v2\/types\/product"}],"replies":[{"embeddable":true,"href":"https:\/\/taste-it.ca\/fr\/wp-json\/wp\/v2\/comments?post=44592"}],"wp:featuredmedia":[{"embeddable":true,"href":"https:\/\/taste-it.ca\/fr\/wp-json\/wp\/v2\/media\/43660"}],"wp:attachment":[{"href":"https:\/\/taste-it.ca\/fr\/wp-json\/wp\/v2\/media?parent=44592"}],"wp:term":[{"taxonomy":"product_brand","embeddable":true,"href":"https:\/\/taste-it.ca\/fr\/wp-json\/wp\/v2\/product_brand?post=44592"},{"taxonomy":"product_cat","embeddable":true,"href":"https:\/\/taste-it.ca\/fr\/wp-json\/wp\/v2\/product_cat?post=44592"},{"taxonomy":"product_tag","embeddable":true,"href":"https:\/\/taste-it.ca\/fr\/wp-json\/wp\/v2\/product_tag?post=44592"}],"curies":[{"name":"wp","href":"https:\/\/api.w.org\/{rel}","templated":true}]}}