{"id":44591,"date":"2025-10-09T09:04:16","date_gmt":"2025-10-09T13:04:16","guid":{"rendered":"https:\/\/taste-it.ca\/boutique\/non class\u00e9\/roots-hemp-wired-silver-rolling-paper-1-1-4-par-randys\/"},"modified":"2025-10-09T09:04:16","modified_gmt":"2025-10-09T13:04:16","slug":"roots-hemp-wired-silver-rolling-paper-1-1-4-par-randys","status":"publish","type":"product","link":"https:\/\/taste-it.ca\/fr\/product\/roots-hemp-wired-silver-rolling-paper-1-1-4-par-randys\/","title":{"rendered":"Roots Hemp Wired Silver Rolling Paper, 1 1\/4 par Randy\u2019s"},"content":{"rendered":"<p>Les papiers \u00e0 rouler Randy&rsquo;s Roots Hemp Wired Silver 1 1\/4, fabriqu\u00e9s \u00e0 partir de chanvre 100 % biologique, sont 30 % plus fins que les papiers \u00e0 rouler Randy&rsquo;s Classic Wired. Les papiers de chanvre Roots comportent \u00e9galement le fil classique de Randy, qui est fabriqu\u00e9 \u00e0 partir d&rsquo;acier inoxydable 100 % am\u00e9ricain. La gomme sur les bandes de colle provient d&rsquo;acacias africains, offrant une exp\u00e9rience de fumage sans additifs et plus naturelle. Un 1 1\/4 est livr\u00e9 avec 24 papiers.<\/p>\n<p><strong>Caract\u00e9ristiques<\/strong><\/p>\n<ul>\n<li>\u2013 100% chanvre biologique<\/li>\n<li>\u2013 Sans additifs<\/li>\n<li>\u2013 Fil classique<\/li>\n<li>\u2013 Facile \u00e0 rouler<\/li>\n<li>\u2013 Facile \u00e0 passer<\/li>\n<li>\u2013 Meilleure circulation de l&rsquo;air<\/li>\n<li>\u2013 24 papiers \/ livret<\/li>\n<\/ul>\n","protected":false},"excerpt":{"rendered":"<p>Les papiers \u00e0 rouler Randy&rsquo;s Roots Hemp Wired Silver 1 1\/4, fabriqu\u00e9s \u00e0 partir de chanvre 100 % biologique, sont 30 % plus fins que les papiers \u00e0 rouler Randy&rsquo;s Classic Wired.<\/p>\n","protected":false},"featured_media":43658,"comment_status":"open","ping_status":"closed","template":"","meta":[],"product_brand":[],"product_cat":[2172],"product_tag":[],"class_list":{"0":"post-44591","1":"product","2":"type-product","3":"status-publish","4":"has-post-thumbnail","6":"product_cat-non-categorise","7":"yith_product_brand-randys-fr","9":"first","10":"instock","11":"taxable","12":"shipping-taxable","13":"purchasable","14":"product-type-simple"},"_links":{"self":[{"href":"https:\/\/taste-it.ca\/fr\/wp-json\/wp\/v2\/product\/44591","targetHints":{"allow":["GET"]}}],"collection":[{"href":"https:\/\/taste-it.ca\/fr\/wp-json\/wp\/v2\/product"}],"about":[{"href":"https:\/\/taste-it.ca\/fr\/wp-json\/wp\/v2\/types\/product"}],"replies":[{"embeddable":true,"href":"https:\/\/taste-it.ca\/fr\/wp-json\/wp\/v2\/comments?post=44591"}],"wp:featuredmedia":[{"embeddable":true,"href":"https:\/\/taste-it.ca\/fr\/wp-json\/wp\/v2\/media\/43658"}],"wp:attachment":[{"href":"https:\/\/taste-it.ca\/fr\/wp-json\/wp\/v2\/media?parent=44591"}],"wp:term":[{"taxonomy":"product_brand","embeddable":true,"href":"https:\/\/taste-it.ca\/fr\/wp-json\/wp\/v2\/product_brand?post=44591"},{"taxonomy":"product_cat","embeddable":true,"href":"https:\/\/taste-it.ca\/fr\/wp-json\/wp\/v2\/product_cat?post=44591"},{"taxonomy":"product_tag","embeddable":true,"href":"https:\/\/taste-it.ca\/fr\/wp-json\/wp\/v2\/product_tag?post=44591"}],"curies":[{"name":"wp","href":"https:\/\/api.w.org\/{rel}","templated":true}]}}