{"id":44586,"date":"2025-10-09T10:38:30","date_gmt":"2025-10-09T14:38:30","guid":{"rendered":"https:\/\/taste-it.ca\/boutique\/non class\u00e9\/rolling-machine-par-randys\/"},"modified":"2025-10-09T10:38:30","modified_gmt":"2025-10-09T14:38:30","slug":"rolling-machine-par-randys","status":"publish","type":"product","link":"https:\/\/taste-it.ca\/fr\/product\/rolling-machine-par-randys\/","title":{"rendered":"Rolling Machine par Randy&rsquo;s"},"content":{"rendered":"","protected":false},"excerpt":{"rendered":"<p>Ces machines \u00e0 rouler de 70 mm de Randy sont parfaites pour rouler vos herbes pr\u00e9f\u00e9r\u00e9es dans la plupart des papiers \u00e0 rouler de taille normale et faciles \u00e0 utiliser pour les novices et les experts.<\/p>\n","protected":false},"featured_media":44227,"comment_status":"open","ping_status":"closed","template":"","meta":[],"product_brand":[],"product_cat":[2172],"product_tag":[],"class_list":{"0":"post-44586","1":"product","2":"type-product","3":"status-publish","4":"has-post-thumbnail","6":"product_cat-non-categorise","7":"yith_product_brand-randys-fr","9":"first","10":"outofstock","11":"taxable","12":"shipping-taxable","13":"purchasable","14":"product-type-variable"},"_links":{"self":[{"href":"https:\/\/taste-it.ca\/fr\/wp-json\/wp\/v2\/product\/44586","targetHints":{"allow":["GET"]}}],"collection":[{"href":"https:\/\/taste-it.ca\/fr\/wp-json\/wp\/v2\/product"}],"about":[{"href":"https:\/\/taste-it.ca\/fr\/wp-json\/wp\/v2\/types\/product"}],"replies":[{"embeddable":true,"href":"https:\/\/taste-it.ca\/fr\/wp-json\/wp\/v2\/comments?post=44586"}],"wp:featuredmedia":[{"embeddable":true,"href":"https:\/\/taste-it.ca\/fr\/wp-json\/wp\/v2\/media\/44227"}],"wp:attachment":[{"href":"https:\/\/taste-it.ca\/fr\/wp-json\/wp\/v2\/media?parent=44586"}],"wp:term":[{"taxonomy":"product_brand","embeddable":true,"href":"https:\/\/taste-it.ca\/fr\/wp-json\/wp\/v2\/product_brand?post=44586"},{"taxonomy":"product_cat","embeddable":true,"href":"https:\/\/taste-it.ca\/fr\/wp-json\/wp\/v2\/product_cat?post=44586"},{"taxonomy":"product_tag","embeddable":true,"href":"https:\/\/taste-it.ca\/fr\/wp-json\/wp\/v2\/product_tag?post=44586"}],"curies":[{"name":"wp","href":"https:\/\/api.w.org\/{rel}","templated":true}]}}