{"id":44585,"date":"2025-10-09T09:04:16","date_gmt":"2025-10-09T13:04:16","guid":{"rendered":"https:\/\/taste-it.ca\/boutique\/non class\u00e9\/rolling-machine-79mm-par-elements\/"},"modified":"2025-10-09T09:04:16","modified_gmt":"2025-10-09T13:04:16","slug":"rolling-machine-79mm-par-elements","status":"publish","type":"product","link":"https:\/\/taste-it.ca\/fr\/product\/rolling-machine-79mm-par-elements\/","title":{"rendered":"Rolling Machine 79mm par Elements"},"content":{"rendered":"<p>La machine \u00e0 rouler Elements peut rouler jusqu&rsquo;\u00e0 79 mm de long. Les rouleaux sont fabriqu\u00e9s en Indon\u00e9sie \u00e0 partir d&rsquo;acrylique de haute qualit\u00e9, ce qui les rend 3 fois plus r\u00e9sistants. Ils sont faciles \u00e0 utiliser, durables et sont parfaits pour les rouleurs qui veulent une machine qui peut r\u00e9pondre \u00e0 leurs besoins. Comprend un tablier de rechange.<\/p>\n","protected":false},"excerpt":{"rendered":"<p>La machine \u00e0 rouler Elements peut rouler jusqu&rsquo;\u00e0 79 mm de long.<\/p>\n","protected":false},"featured_media":43648,"comment_status":"open","ping_status":"closed","template":"","meta":[],"product_brand":[],"product_cat":[2172],"product_tag":[],"class_list":{"0":"post-44585","1":"product","2":"type-product","3":"status-publish","4":"has-post-thumbnail","6":"product_cat-non-categorise","7":"yith_product_brand-elements-fr","9":"first","10":"instock","11":"taxable","12":"shipping-taxable","13":"purchasable","14":"product-type-simple"},"_links":{"self":[{"href":"https:\/\/taste-it.ca\/fr\/wp-json\/wp\/v2\/product\/44585","targetHints":{"allow":["GET"]}}],"collection":[{"href":"https:\/\/taste-it.ca\/fr\/wp-json\/wp\/v2\/product"}],"about":[{"href":"https:\/\/taste-it.ca\/fr\/wp-json\/wp\/v2\/types\/product"}],"replies":[{"embeddable":true,"href":"https:\/\/taste-it.ca\/fr\/wp-json\/wp\/v2\/comments?post=44585"}],"wp:featuredmedia":[{"embeddable":true,"href":"https:\/\/taste-it.ca\/fr\/wp-json\/wp\/v2\/media\/43648"}],"wp:attachment":[{"href":"https:\/\/taste-it.ca\/fr\/wp-json\/wp\/v2\/media?parent=44585"}],"wp:term":[{"taxonomy":"product_brand","embeddable":true,"href":"https:\/\/taste-it.ca\/fr\/wp-json\/wp\/v2\/product_brand?post=44585"},{"taxonomy":"product_cat","embeddable":true,"href":"https:\/\/taste-it.ca\/fr\/wp-json\/wp\/v2\/product_cat?post=44585"},{"taxonomy":"product_tag","embeddable":true,"href":"https:\/\/taste-it.ca\/fr\/wp-json\/wp\/v2\/product_tag?post=44585"}],"curies":[{"name":"wp","href":"https:\/\/api.w.org\/{rel}","templated":true}]}}