{"id":44578,"date":"2025-10-09T09:04:16","date_gmt":"2025-10-09T13:04:16","guid":{"rendered":"https:\/\/taste-it.ca\/boutique\/non class\u00e9\/raspberry-20-pck-par-juicy-jays-thai-incense\/"},"modified":"2025-10-09T09:04:16","modified_gmt":"2025-10-09T13:04:16","slug":"raspberry-20-pck-par-juicy-jays-thai-incense","status":"publish","type":"product","link":"https:\/\/taste-it.ca\/fr\/product\/raspberry-20-pck-par-juicy-jays-thai-incense\/","title":{"rendered":"Raspberry (20\/PCK) par Juicy Jay\u2019s Thai Incense"},"content":{"rendered":"<p>Les b\u00e2tonnets d&rsquo;encens Juicy Jay&rsquo;s Thai \u00e0 la framboise sont riches en saveur et en ar\u00f4me, parfaits pour rafra\u00eechir une pi\u00e8ce et se d\u00e9barrasser des odeurs ind\u00e9sirables. Chaque paquet contient 20 b\u00e2tonnets d&rsquo;encens.<\/p>\n<p><strong>Caract\u00e9ristiques<\/strong><\/p>\n<ul>\n<li>Parfum Framboise<\/li>\n<li>20 stick\/paquet<\/li>\n<\/ul>\n","protected":false},"excerpt":{"rendered":"<p>Les b\u00e2tonnets d&rsquo;encens Juicy Jay&rsquo;s Thai \u00e0 la framboise sont riches en saveur et en ar\u00f4me, parfaits pour rafra\u00eechir une pi\u00e8ce et se d\u00e9barrasser des odeurs ind\u00e9sirables.<\/p>\n","protected":false},"featured_media":43642,"comment_status":"open","ping_status":"closed","template":"","meta":[],"product_brand":[],"product_cat":[2172],"product_tag":[],"class_list":{"0":"post-44578","1":"product","2":"type-product","3":"status-publish","4":"has-post-thumbnail","6":"product_cat-non-categorise","7":"yith_product_brand-juicy-jays-fr","9":"first","10":"instock","11":"taxable","12":"shipping-taxable","13":"purchasable","14":"product-type-simple"},"_links":{"self":[{"href":"https:\/\/taste-it.ca\/fr\/wp-json\/wp\/v2\/product\/44578","targetHints":{"allow":["GET"]}}],"collection":[{"href":"https:\/\/taste-it.ca\/fr\/wp-json\/wp\/v2\/product"}],"about":[{"href":"https:\/\/taste-it.ca\/fr\/wp-json\/wp\/v2\/types\/product"}],"replies":[{"embeddable":true,"href":"https:\/\/taste-it.ca\/fr\/wp-json\/wp\/v2\/comments?post=44578"}],"wp:featuredmedia":[{"embeddable":true,"href":"https:\/\/taste-it.ca\/fr\/wp-json\/wp\/v2\/media\/43642"}],"wp:attachment":[{"href":"https:\/\/taste-it.ca\/fr\/wp-json\/wp\/v2\/media?parent=44578"}],"wp:term":[{"taxonomy":"product_brand","embeddable":true,"href":"https:\/\/taste-it.ca\/fr\/wp-json\/wp\/v2\/product_brand?post=44578"},{"taxonomy":"product_cat","embeddable":true,"href":"https:\/\/taste-it.ca\/fr\/wp-json\/wp\/v2\/product_cat?post=44578"},{"taxonomy":"product_tag","embeddable":true,"href":"https:\/\/taste-it.ca\/fr\/wp-json\/wp\/v2\/product_tag?post=44578"}],"curies":[{"name":"wp","href":"https:\/\/api.w.org\/{rel}","templated":true}]}}