{"id":44577,"date":"2025-10-09T09:04:16","date_gmt":"2025-10-09T13:04:16","guid":{"rendered":"https:\/\/taste-it.ca\/boutique\/non class\u00e9\/rainbow-honey-containers-par-gear-premium\/"},"modified":"2025-10-09T09:04:16","modified_gmt":"2025-10-09T13:04:16","slug":"rainbow-honey-containers-par-gear-premium","status":"publish","type":"product","link":"https:\/\/taste-it.ca\/fr\/product\/rainbow-honey-containers-par-gear-premium\/","title":{"rendered":"Rainbow Honey Containers par Gear Premium"},"content":{"rendered":"<p>Les contenants pour wax arc-en-ciel Gear Premium sont parfaits pour le stockage et le transport de concentr\u00e9s. Le pot est fabriqu\u00e9 en silicone de qualit\u00e9 alimentaire sans BPA et passe au lave-vaisselle pour un nettoyage facile.<\/p>\n<p>Couleur al\u00e9atoire.<\/p>\n<p><strong>Caract\u00e9ristiques<\/strong><\/p>\n<ul>\n<li>&#8211; Sans BPA<\/li>\n<li>\u2013 Silicone de qualit\u00e9 alimentaire<\/li>\n<li>&#8211; Passe au lave-vaisselle<\/li>\n<\/ul>\n","protected":false},"excerpt":{"rendered":"<p>Les contenants pour wax arc-en-ciel Gear Premium sont parfaits pour le stockage et le transport de concentr\u00e9s.<\/p>\n","protected":false},"featured_media":43640,"comment_status":"open","ping_status":"closed","template":"","meta":[],"product_brand":[],"product_cat":[2172],"product_tag":[],"class_list":{"0":"post-44577","1":"product","2":"type-product","3":"status-publish","4":"has-post-thumbnail","6":"product_cat-non-categorise","8":"first","9":"instock","10":"taxable","11":"shipping-taxable","12":"purchasable","13":"product-type-simple"},"_links":{"self":[{"href":"https:\/\/taste-it.ca\/fr\/wp-json\/wp\/v2\/product\/44577","targetHints":{"allow":["GET"]}}],"collection":[{"href":"https:\/\/taste-it.ca\/fr\/wp-json\/wp\/v2\/product"}],"about":[{"href":"https:\/\/taste-it.ca\/fr\/wp-json\/wp\/v2\/types\/product"}],"replies":[{"embeddable":true,"href":"https:\/\/taste-it.ca\/fr\/wp-json\/wp\/v2\/comments?post=44577"}],"wp:featuredmedia":[{"embeddable":true,"href":"https:\/\/taste-it.ca\/fr\/wp-json\/wp\/v2\/media\/43640"}],"wp:attachment":[{"href":"https:\/\/taste-it.ca\/fr\/wp-json\/wp\/v2\/media?parent=44577"}],"wp:term":[{"taxonomy":"product_brand","embeddable":true,"href":"https:\/\/taste-it.ca\/fr\/wp-json\/wp\/v2\/product_brand?post=44577"},{"taxonomy":"product_cat","embeddable":true,"href":"https:\/\/taste-it.ca\/fr\/wp-json\/wp\/v2\/product_cat?post=44577"},{"taxonomy":"product_tag","embeddable":true,"href":"https:\/\/taste-it.ca\/fr\/wp-json\/wp\/v2\/product_tag?post=44577"}],"curies":[{"name":"wp","href":"https:\/\/api.w.org\/{rel}","templated":true}]}}