{"id":44574,"date":"2025-10-09T10:22:30","date_gmt":"2025-10-09T14:22:30","guid":{"rendered":"https:\/\/taste-it.ca\/boutique\/non class\u00e9\/purple-gelato-terp-hemp-wraps-105-mm-2-pck-par-juicy-jays\/"},"modified":"2025-10-09T10:22:30","modified_gmt":"2025-10-09T14:22:30","slug":"purple-gelato-terp-hemp-wraps-105-mm-2-pck-par-juicy-jays","status":"publish","type":"product","link":"https:\/\/taste-it.ca\/fr\/product\/purple-gelato-terp-hemp-wraps-105-mm-2-pck-par-juicy-jays\/","title":{"rendered":"Purple Gelato Terp Hemp Wraps 105 mm (2\/PCK) par Juicy Jay&rsquo;s"},"content":{"rendered":"<p>Les feuilles \u00e0 rouler Juicy Jay&rsquo;s Terp en chanvre &#8211; Purple Gelato, offrent une saveur sucr\u00e9e et acidul\u00e9e suivie d&rsquo;un d\u00e9licieux ar\u00f4me floral. Elles sont fabriqu\u00e9es \u00e0 partir de chanvre grill\u00e9 naturel sans tabac ni nicotine. Les terp\u00e8nes sont renforc\u00e9s dans ces feuilles \u00e0 rouler pour am\u00e9liorer le go\u00fbt naturel. De plus, ces feuilles b\u00e9n\u00e9ficient d&rsquo;un syst\u00e8me de saveur \u00e0 triple trempage pour des blunts savoureux et d&rsquo;un scellement ultra-serr\u00e9 pour conserver la fra\u00eecheur.<\/p>\n<p><strong>Caract\u00e9ristiques<\/strong><\/p>\n<ul>\n<li>Feuilles en chanvre Terp &#8211; Purple Gelato<\/li>\n<li>Renforc\u00e9 en terp\u00e8nes<\/li>\n<li>Syst\u00e8me de saveur \u00e0 triple trempage<\/li>\n<li>100% pur chanvre naturel<\/li>\n<li>Convient aux v\u00e9g\u00e9taliens<\/li>\n<li>Sans tabac ni nicotine<\/li>\n<li>Longueur : 105 mm<\/li>\n<li>2 feuilles \u00e0 rouler \/ paquet<\/li>\n<\/ul>\n","protected":false},"excerpt":{"rendered":"<p>Les feuilles \u00e0 rouler Juicy Jay&rsquo;s Terp en chanvre &#8211; Purple Gelato, offrent une saveur sucr\u00e9e et acidul\u00e9e suivie d&rsquo;un d\u00e9licieux ar\u00f4me floral.<\/p>\n","protected":false},"featured_media":44124,"comment_status":"open","ping_status":"closed","template":"","meta":[],"product_brand":[],"product_cat":[2172],"product_tag":[],"class_list":{"0":"post-44574","1":"product","2":"type-product","3":"status-publish","4":"has-post-thumbnail","6":"product_cat-non-categorise","7":"yith_product_brand-juicy-jays-fr","9":"first","10":"instock","11":"taxable","12":"shipping-taxable","13":"purchasable","14":"product-type-simple"},"_links":{"self":[{"href":"https:\/\/taste-it.ca\/fr\/wp-json\/wp\/v2\/product\/44574","targetHints":{"allow":["GET"]}}],"collection":[{"href":"https:\/\/taste-it.ca\/fr\/wp-json\/wp\/v2\/product"}],"about":[{"href":"https:\/\/taste-it.ca\/fr\/wp-json\/wp\/v2\/types\/product"}],"replies":[{"embeddable":true,"href":"https:\/\/taste-it.ca\/fr\/wp-json\/wp\/v2\/comments?post=44574"}],"wp:featuredmedia":[{"embeddable":true,"href":"https:\/\/taste-it.ca\/fr\/wp-json\/wp\/v2\/media\/44124"}],"wp:attachment":[{"href":"https:\/\/taste-it.ca\/fr\/wp-json\/wp\/v2\/media?parent=44574"}],"wp:term":[{"taxonomy":"product_brand","embeddable":true,"href":"https:\/\/taste-it.ca\/fr\/wp-json\/wp\/v2\/product_brand?post=44574"},{"taxonomy":"product_cat","embeddable":true,"href":"https:\/\/taste-it.ca\/fr\/wp-json\/wp\/v2\/product_cat?post=44574"},{"taxonomy":"product_tag","embeddable":true,"href":"https:\/\/taste-it.ca\/fr\/wp-json\/wp\/v2\/product_tag?post=44574"}],"curies":[{"name":"wp","href":"https:\/\/api.w.org\/{rel}","templated":true}]}}