{"id":44573,"date":"2025-10-09T09:03:52","date_gmt":"2025-10-09T13:03:52","guid":{"rendered":"https:\/\/taste-it.ca\/boutique\/non class\u00e9\/precut-biodegradable-5-7mm-ultra-slim-filters-par-smoking\/"},"modified":"2025-10-09T09:03:52","modified_gmt":"2025-10-09T13:03:52","slug":"precut-biodegradable-5-7mm-ultra-slim-filters-par-smoking","status":"publish","type":"product","link":"https:\/\/taste-it.ca\/fr\/product\/precut-biodegradable-5-7mm-ultra-slim-filters-par-smoking\/","title":{"rendered":"Precut Biodegradable 5.7mm Ultra Slim Filters par Smoking"},"content":{"rendered":"<p>Les filtres biod\u00e9gradables pr\u00e9d\u00e9coup\u00e9s fumeurs ont un diam\u00e8tre ultra fin, parfait pour les roll-ups les plus fins. Fabriqu\u00e9s enti\u00e8rement en papier, ces filtres sont parfaits pour les joints de cannabis ou d&rsquo;autres herbes s\u00e9ch\u00e9es et roul\u00e9es.<\/p>\n<p><strong>Caract\u00e9ristiques<\/strong><\/p>\n<ul>\n<li>\u2013 Biod\u00e9gradable<\/li>\n<li>\u2013 Longueur : 14 mm<\/li>\n<li>\u2013 Diam\u00e8tre : 5.7 mm<\/li>\n<li>\u2013 120 filtre\/livret<\/li>\n<\/ul>\n","protected":false},"excerpt":{"rendered":"<p>Les filtres biod\u00e9gradables pr\u00e9d\u00e9coup\u00e9s fumeurs ont un diam\u00e8tre ultra fin, parfait pour les roll-ups les plus fins.<\/p>\n","protected":false},"featured_media":43630,"comment_status":"open","ping_status":"closed","template":"","meta":[],"product_brand":[],"product_cat":[2172],"product_tag":[],"class_list":{"0":"post-44573","1":"product","2":"type-product","3":"status-publish","4":"has-post-thumbnail","6":"product_cat-non-categorise","7":"yith_product_brand-smoking-fr","9":"first","10":"instock","11":"taxable","12":"shipping-taxable","13":"purchasable","14":"product-type-simple"},"_links":{"self":[{"href":"https:\/\/taste-it.ca\/fr\/wp-json\/wp\/v2\/product\/44573","targetHints":{"allow":["GET"]}}],"collection":[{"href":"https:\/\/taste-it.ca\/fr\/wp-json\/wp\/v2\/product"}],"about":[{"href":"https:\/\/taste-it.ca\/fr\/wp-json\/wp\/v2\/types\/product"}],"replies":[{"embeddable":true,"href":"https:\/\/taste-it.ca\/fr\/wp-json\/wp\/v2\/comments?post=44573"}],"wp:featuredmedia":[{"embeddable":true,"href":"https:\/\/taste-it.ca\/fr\/wp-json\/wp\/v2\/media\/43630"}],"wp:attachment":[{"href":"https:\/\/taste-it.ca\/fr\/wp-json\/wp\/v2\/media?parent=44573"}],"wp:term":[{"taxonomy":"product_brand","embeddable":true,"href":"https:\/\/taste-it.ca\/fr\/wp-json\/wp\/v2\/product_brand?post=44573"},{"taxonomy":"product_cat","embeddable":true,"href":"https:\/\/taste-it.ca\/fr\/wp-json\/wp\/v2\/product_cat?post=44573"},{"taxonomy":"product_tag","embeddable":true,"href":"https:\/\/taste-it.ca\/fr\/wp-json\/wp\/v2\/product_tag?post=44573"}],"curies":[{"name":"wp","href":"https:\/\/api.w.org\/{rel}","templated":true}]}}