{"id":44572,"date":"2025-10-09T09:04:16","date_gmt":"2025-10-09T13:04:16","guid":{"rendered":"https:\/\/taste-it.ca\/boutique\/non%20class\u00e9\/potpaya-candle-par-smoke-odor-exterminator\/"},"modified":"2025-10-15T14:53:18","modified_gmt":"2025-10-15T18:53:18","slug":"potpaya-candle-par-smoke-odor-exterminator","status":"publish","type":"product","link":"https:\/\/taste-it.ca\/fr\/product\/potpaya-candle-par-smoke-odor-exterminator\/","title":{"rendered":"PotPaya Candle par Smoke Odor Exterminator"},"content":{"rendered":"<p>Les bougies anti-odeurs de fum\u00e9e au parfum de PotPaya assurent un parfum super fruit\u00e9 et tropical m\u00e9lang\u00e9 avec de la papaye sucr\u00e9e cr\u00e9meuse, du nectar de goyave, de la mandarine italienne et du zeste d&rsquo;orange parfum\u00e9 avec des notes plus l\u00e9g\u00e8res de p\u00eache, de violette et de cristaux de sucre.<\/p>\n<p>Les tuyaux sont des bougies \u00e0 base d&rsquo;enzymes qui attaquent et d\u00e9composent parfaitement les odeurs d\u00e9sagr\u00e9ables, allant des cigarettes, pipes, cigares, animaux domestiques \u00e0 d&rsquo;autres odeurs domestiques.<\/p>\n<p><strong>Caract\u00e9ristiques<\/strong><\/p>\n<ul>\n<li>Id\u00e9al pour \u00e9liminer la fum\u00e9e ind\u00e9sirable des cigarettes, pipes, cigares, animaux domestiques, etc\u2026<\/li>\n<li>Parfum : yin yang<\/li>\n<li>Notes parfum\u00e9es : terreuses, musqu\u00e9es, bois\u00e9es<\/li>\n<li>Formul\u00e9 enzymatique<\/li>\n<li>Dur\u00e9e de combustion : jusqu&rsquo;\u00e0 70 heures<\/li>\n<li>Poids\u00a0: 13\u00a0oz<\/li>\n<\/ul>\n","protected":false},"excerpt":{"rendered":"<p>Les bougies anti-odeurs de fum\u00e9e au parfum de PotPaya assurent un parfum super fruit\u00e9 et tropical m\u00e9lang\u00e9 avec de la papaye sucr\u00e9e cr\u00e9meuse, du nectar de goyave, de la mandarine italienne et du zeste d&rsquo;orange parfum\u00e9 avec des notes plus l\u00e9g\u00e8res de p\u00eache, de violette et de cristaux de sucre.<\/p>\n","protected":false},"featured_media":43628,"comment_status":"open","ping_status":"closed","template":"","meta":[],"product_brand":[],"product_cat":[2172],"product_tag":[2397,2423,2482],"class_list":{"0":"post-44572","1":"product","2":"type-product","3":"status-publish","4":"has-post-thumbnail","6":"product_cat-non-categorise","7":"product_tag-goyave","8":"product_tag-mandarine","9":"product_tag-papaye","10":"yith_product_brand-smoke-odor-fr","12":"first","13":"onbackorder","14":"taxable","15":"shipping-taxable","16":"purchasable","17":"product-type-simple"},"_links":{"self":[{"href":"https:\/\/taste-it.ca\/fr\/wp-json\/wp\/v2\/product\/44572","targetHints":{"allow":["GET"]}}],"collection":[{"href":"https:\/\/taste-it.ca\/fr\/wp-json\/wp\/v2\/product"}],"about":[{"href":"https:\/\/taste-it.ca\/fr\/wp-json\/wp\/v2\/types\/product"}],"replies":[{"embeddable":true,"href":"https:\/\/taste-it.ca\/fr\/wp-json\/wp\/v2\/comments?post=44572"}],"wp:featuredmedia":[{"embeddable":true,"href":"https:\/\/taste-it.ca\/fr\/wp-json\/wp\/v2\/media\/43628"}],"wp:attachment":[{"href":"https:\/\/taste-it.ca\/fr\/wp-json\/wp\/v2\/media?parent=44572"}],"wp:term":[{"taxonomy":"product_brand","embeddable":true,"href":"https:\/\/taste-it.ca\/fr\/wp-json\/wp\/v2\/product_brand?post=44572"},{"taxonomy":"product_cat","embeddable":true,"href":"https:\/\/taste-it.ca\/fr\/wp-json\/wp\/v2\/product_cat?post=44572"},{"taxonomy":"product_tag","embeddable":true,"href":"https:\/\/taste-it.ca\/fr\/wp-json\/wp\/v2\/product_tag?post=44572"}],"curies":[{"name":"wp","href":"https:\/\/api.w.org\/{rel}","templated":true}]}}