{"id":44570,"date":"2025-10-09T10:22:26","date_gmt":"2025-10-09T14:22:26","guid":{"rendered":"https:\/\/taste-it.ca\/boutique\/non class\u00e9\/pineapple-shake-hemp-wraps-105-mm-2-pck-par-juicy-jays\/"},"modified":"2025-10-09T10:22:26","modified_gmt":"2025-10-09T14:22:26","slug":"pineapple-shake-hemp-wraps-105-mm-2-pck-par-juicy-jays","status":"publish","type":"product","link":"https:\/\/taste-it.ca\/fr\/product\/pineapple-shake-hemp-wraps-105-mm-2-pck-par-juicy-jays\/","title":{"rendered":"Pineapple Shake Hemp Wraps 105 mm (2\/PCK) par Juicy Jay&rsquo;s"},"content":{"rendered":"<div class=\"w-full border-b border-black\/10 dark:border-gray-900\/50 text-gray-800 dark:text-gray-100 group bg-gray-50 dark:bg-[#444654]\">\n<div class=\"text-base gap-4 md:gap-6 m-auto md:max-w-2xl lg:max-w-2xl xl:max-w-3xl p-4 md:py-6 flex lg:px-0\">\n<div class=\"relative flex w-[calc(100%-50px)] md:flex-col lg:w-[calc(100%-115px)]\">\n<div class=\"flex flex-grow flex-col gap-3\">\n<div class=\"min-h-[20px] flex flex-col items-start gap-4 whitespace-pre-wrap\">\n<div class=\"markdown prose w-full break-words dark:prose-invert light\">\n<p>Les feuilles \u00e0 rouler en chanvre Juicy Jay, au go\u00fbt frais d&rsquo;ananas, sont faites \u00e0 100% de chanvre naturel pur sans tabac ni nicotine. Les feuilles disposent d&rsquo;un syst\u00e8me de triple trempage de saveur pour garantir des blunts savoureux et d&rsquo;un joint extra-\u00e9tanche pour maintenir la fra\u00eecheur.<\/p>\n<\/div>\n<\/div>\n<\/div>\n<\/div>\n<\/div>\n<\/div>\n<p><strong>Fonctionnalit\u00e9s<\/strong><\/p>\n<ul>\n<li>Saveur d&rsquo;ananas<\/li>\n<li>Syst\u00e8me de triple trempage de saveur<\/li>\n<li>100% de chanvre naturel pur<\/li>\n<li>V\u00e9gane<\/li>\n<li>Sans tabac ni nicotine<\/li>\n<li>Longueur: 105 mm<\/li>\n<li>2 feuilles \/ paquet<\/li>\n<\/ul>\n","protected":false},"excerpt":{"rendered":"<p>Les feuilles \u00e0 rouler en chanvre Juicy Jay, au go\u00fbt frais d&rsquo;ananas, sont faites \u00e0 100% de chanvre naturel pur sans tabac ni nicotine.<\/p>\n","protected":false},"featured_media":44116,"comment_status":"open","ping_status":"closed","template":"","meta":[],"product_brand":[],"product_cat":[2172],"product_tag":[2330],"class_list":{"0":"post-44570","1":"product","2":"type-product","3":"status-publish","4":"has-post-thumbnail","6":"product_cat-non-categorise","7":"product_tag-ananas","8":"yith_product_brand-juicy-jays-fr","10":"first","11":"instock","12":"taxable","13":"shipping-taxable","14":"purchasable","15":"product-type-simple"},"_links":{"self":[{"href":"https:\/\/taste-it.ca\/fr\/wp-json\/wp\/v2\/product\/44570","targetHints":{"allow":["GET"]}}],"collection":[{"href":"https:\/\/taste-it.ca\/fr\/wp-json\/wp\/v2\/product"}],"about":[{"href":"https:\/\/taste-it.ca\/fr\/wp-json\/wp\/v2\/types\/product"}],"replies":[{"embeddable":true,"href":"https:\/\/taste-it.ca\/fr\/wp-json\/wp\/v2\/comments?post=44570"}],"wp:featuredmedia":[{"embeddable":true,"href":"https:\/\/taste-it.ca\/fr\/wp-json\/wp\/v2\/media\/44116"}],"wp:attachment":[{"href":"https:\/\/taste-it.ca\/fr\/wp-json\/wp\/v2\/media?parent=44570"}],"wp:term":[{"taxonomy":"product_brand","embeddable":true,"href":"https:\/\/taste-it.ca\/fr\/wp-json\/wp\/v2\/product_brand?post=44570"},{"taxonomy":"product_cat","embeddable":true,"href":"https:\/\/taste-it.ca\/fr\/wp-json\/wp\/v2\/product_cat?post=44570"},{"taxonomy":"product_tag","embeddable":true,"href":"https:\/\/taste-it.ca\/fr\/wp-json\/wp\/v2\/product_tag?post=44570"}],"curies":[{"name":"wp","href":"https:\/\/api.w.org\/{rel}","templated":true}]}}