{"id":44568,"date":"2025-10-09T09:04:16","date_gmt":"2025-10-09T13:04:16","guid":{"rendered":"https:\/\/taste-it.ca\/boutique\/non class\u00e9\/pine-island-jasmine-limited-edition-candle-par-smoke-odor-exterminator\/"},"modified":"2025-10-09T09:04:16","modified_gmt":"2025-10-09T13:04:16","slug":"pine-island-jasmine-limited-edition-candle-par-smoke-odor-exterminator","status":"publish","type":"product","link":"https:\/\/taste-it.ca\/fr\/product\/pine-island-jasmine-limited-edition-candle-par-smoke-odor-exterminator\/","title":{"rendered":"Pine Island Jasmine Limited Edition Candle par Smoke Odor Exterminator"},"content":{"rendered":"<p>Les bougies Smoke Odor Exterminator avec le parfum Pine Island Jasmine r\u00e9v\u00e8lent toute leur beaut\u00e9 avec l&rsquo;ar\u00f4me d\u00e9licat, doux et fleuri du jasmin tropical, offrant un r\u00eave d&rsquo;\u00e9vasion vers une \u00eele exotique et myst\u00e9rieuse.<\/p>\n<p>Ce sont des bougies formul\u00e9es avec des enzymes qui attaquent et d\u00e9composent parfaitement les odeurs d\u00e9sagr\u00e9ables, allant des cigarettes, pipes, cigares, animaux domestiques jusqu&rsquo;\u00e0 d&rsquo;autres odeurs m\u00e9nag\u00e8res.<\/p>\n<p><b>Caract\u00e9ristiques<\/b><\/p>\n<ul>\n<li><span style=\"font-weight: 400;\">Id\u00e9al pour enlever la fum\u00e9e ind\u00e9sirable de cigarettes, pipes, cigares, animaux de compagnie, etc.<\/span><\/li>\n<li><span style=\"font-weight: 400;\">Parfum: pine island jasmine<\/span><\/li>\n<li><span style=\"font-weight: 400;\">Notes de parfum : floral, sucr\u00e9, tropical<\/span><\/li>\n<li><span style=\"font-weight: 400;\">Formul\u00e9 avec des enzymes<\/span><\/li>\n<li><span style=\"font-weight: 400;\">Dur\u00e9e de combustion : jusqu&rsquo;\u00e0 70 heures<\/span><\/li>\n<li><span style=\"font-weight: 400;\">Poids : 13 oz<\/span><\/li>\n<\/ul>\n","protected":false},"excerpt":{"rendered":"<p>Les bougies Smoke Odor Exterminator avec le parfum Pine Island Jasmine r\u00e9v\u00e8lent toute leur beaut\u00e9 avec l&rsquo;ar\u00f4me d\u00e9licat, doux et fleuri du jasmin tropical, offrant un r\u00eave d&rsquo;\u00e9vasion vers une \u00eele exotique et myst\u00e9rieuse.<\/p>\n","protected":false},"featured_media":43624,"comment_status":"open","ping_status":"closed","template":"","meta":[],"product_brand":[],"product_cat":[15],"product_tag":[3137],"class_list":{"0":"post-44568","1":"product","2":"type-product","3":"status-publish","4":"has-post-thumbnail","6":"product_cat-uncategorized","7":"product_tag-jasmin","8":"yith_product_brand-smoke-odor-fr","10":"first","11":"onbackorder","12":"taxable","13":"shipping-taxable","14":"purchasable","15":"product-type-simple"},"_links":{"self":[{"href":"https:\/\/taste-it.ca\/fr\/wp-json\/wp\/v2\/product\/44568","targetHints":{"allow":["GET"]}}],"collection":[{"href":"https:\/\/taste-it.ca\/fr\/wp-json\/wp\/v2\/product"}],"about":[{"href":"https:\/\/taste-it.ca\/fr\/wp-json\/wp\/v2\/types\/product"}],"replies":[{"embeddable":true,"href":"https:\/\/taste-it.ca\/fr\/wp-json\/wp\/v2\/comments?post=44568"}],"wp:featuredmedia":[{"embeddable":true,"href":"https:\/\/taste-it.ca\/fr\/wp-json\/wp\/v2\/media\/43624"}],"wp:attachment":[{"href":"https:\/\/taste-it.ca\/fr\/wp-json\/wp\/v2\/media?parent=44568"}],"wp:term":[{"taxonomy":"product_brand","embeddable":true,"href":"https:\/\/taste-it.ca\/fr\/wp-json\/wp\/v2\/product_brand?post=44568"},{"taxonomy":"product_cat","embeddable":true,"href":"https:\/\/taste-it.ca\/fr\/wp-json\/wp\/v2\/product_cat?post=44568"},{"taxonomy":"product_tag","embeddable":true,"href":"https:\/\/taste-it.ca\/fr\/wp-json\/wp\/v2\/product_tag?post=44568"}],"curies":[{"name":"wp","href":"https:\/\/api.w.org\/{rel}","templated":true}]}}