{"id":44567,"date":"2025-10-09T09:04:15","date_gmt":"2025-10-09T13:04:15","guid":{"rendered":"https:\/\/taste-it.ca\/boutique\/non class\u00e9\/perforated-tips-par-hmp\/"},"modified":"2025-10-09T09:04:15","modified_gmt":"2025-10-09T13:04:15","slug":"perforated-tips-par-hmp","status":"publish","type":"product","link":"https:\/\/taste-it.ca\/fr\/product\/perforated-tips-par-hmp\/","title":{"rendered":"Perforated Tips par HMP"},"content":{"rendered":"<p>Les embouts HMP sont perfor\u00e9s pour former le filtre parfait. Associez-le \u00e0 tous les papiers de chanvre biologique HMP pour une solution de roulement compl\u00e8te.<\/p>\n<ul>\n<li>50 conseils par livret<\/li>\n<\/ul>\n","protected":false},"excerpt":{"rendered":"<p>Les embouts HMP sont perfor\u00e9s pour former le filtre parfait.<\/p>\n","protected":false},"featured_media":43506,"comment_status":"open","ping_status":"closed","template":"","meta":[],"product_brand":[],"product_cat":[2172],"product_tag":[],"class_list":{"0":"post-44567","1":"product","2":"type-product","3":"status-publish","4":"has-post-thumbnail","6":"product_cat-non-categorise","7":"yith_product_brand-hmp-fr","9":"first","10":"instock","11":"taxable","12":"shipping-taxable","13":"purchasable","14":"product-type-simple"},"_links":{"self":[{"href":"https:\/\/taste-it.ca\/fr\/wp-json\/wp\/v2\/product\/44567","targetHints":{"allow":["GET"]}}],"collection":[{"href":"https:\/\/taste-it.ca\/fr\/wp-json\/wp\/v2\/product"}],"about":[{"href":"https:\/\/taste-it.ca\/fr\/wp-json\/wp\/v2\/types\/product"}],"replies":[{"embeddable":true,"href":"https:\/\/taste-it.ca\/fr\/wp-json\/wp\/v2\/comments?post=44567"}],"wp:featuredmedia":[{"embeddable":true,"href":"https:\/\/taste-it.ca\/fr\/wp-json\/wp\/v2\/media\/43506"}],"wp:attachment":[{"href":"https:\/\/taste-it.ca\/fr\/wp-json\/wp\/v2\/media?parent=44567"}],"wp:term":[{"taxonomy":"product_brand","embeddable":true,"href":"https:\/\/taste-it.ca\/fr\/wp-json\/wp\/v2\/product_brand?post=44567"},{"taxonomy":"product_cat","embeddable":true,"href":"https:\/\/taste-it.ca\/fr\/wp-json\/wp\/v2\/product_cat?post=44567"},{"taxonomy":"product_tag","embeddable":true,"href":"https:\/\/taste-it.ca\/fr\/wp-json\/wp\/v2\/product_tag?post=44567"}],"curies":[{"name":"wp","href":"https:\/\/api.w.org\/{rel}","templated":true}]}}