{"id":44564,"date":"2025-10-09T09:04:15","date_gmt":"2025-10-09T13:04:15","guid":{"rendered":"https:\/\/taste-it.ca\/boutique\/non%20class\u00e9\/peace-love-candle-par-smoke-odor-exterminator\/"},"modified":"2025-10-15T14:53:18","modified_gmt":"2025-10-15T18:53:18","slug":"peace-love-candle-par-smoke-odor-exterminator","status":"publish","type":"product","link":"https:\/\/taste-it.ca\/fr\/product\/peace-love-candle-par-smoke-odor-exterminator\/","title":{"rendered":"Peace &#038; Love Candle par Smoke Odor Exterminator"},"content":{"rendered":"<p>Les bougies Smoke Odor Exterminator au parfum de paix et d&rsquo;amour partagent des parfums de mandarine et de framboise cach\u00e9s parmi des branches de c\u00e8dre et de lavande, ainsi que des notes de cassis, de citron sicilien, d&rsquo;anis \u00e9toil\u00e9, d&rsquo;h\u00e9liotrope, de patchouli et de bois de c\u00e8dre.<\/p>\n<p>Les tuyaux sont des bougies \u00e0 base d&rsquo;enzymes qui attaquent et d\u00e9composent parfaitement les odeurs d\u00e9sagr\u00e9ables, allant des cigarettes, pipes, cigares, animaux domestiques \u00e0 d&rsquo;autres odeurs domestiques.<\/p>\n<p><strong>Caract\u00e9ristiques<\/strong><\/p>\n<ul>\n<li>Id\u00e9al pour \u00e9liminer la fum\u00e9e ind\u00e9sirable des cigarettes, pipes, cigares, animaux domestiques, etc\u2026<\/li>\n<li>Parfum : paix et amour<\/li>\n<li>Notes parfum\u00e9es : douces, acidul\u00e9es, musqu\u00e9es<\/li>\n<li>Formul\u00e9 enzymatique<\/li>\n<li>Dur\u00e9e de combustion : jusqu&rsquo;\u00e0 70 heures<\/li>\n<li>Poids\u00a0: 13\u00a0oz<\/li>\n<\/ul>\n","protected":false},"excerpt":{"rendered":"<p>Les bougies Smoke Odor Exterminator au parfum de paix et d&rsquo;amour partagent des parfums de mandarine et de framboise cach\u00e9s parmi des branches de c\u00e8dre et de lavande, ainsi que des notes de cassis, de citron sicilien, d&rsquo;anis \u00e9toil\u00e9, d&rsquo;h\u00e9liotrope, de patchouli et de bois de c\u00e8dre.<\/p>\n","protected":false},"featured_media":43414,"comment_status":"open","ping_status":"closed","template":"","meta":[],"product_brand":[],"product_cat":[2172],"product_tag":[2196,2217,2450,2448],"class_list":{"0":"post-44564","1":"product","2":"type-product","3":"status-publish","4":"has-post-thumbnail","6":"product_cat-non-categorise","7":"product_tag-anis","8":"product_tag-cassis","9":"product_tag-citron","10":"product_tag-lavende","11":"yith_product_brand-smoke-odor-fr","13":"first","14":"onbackorder","15":"taxable","16":"shipping-taxable","17":"purchasable","18":"product-type-simple"},"_links":{"self":[{"href":"https:\/\/taste-it.ca\/fr\/wp-json\/wp\/v2\/product\/44564","targetHints":{"allow":["GET"]}}],"collection":[{"href":"https:\/\/taste-it.ca\/fr\/wp-json\/wp\/v2\/product"}],"about":[{"href":"https:\/\/taste-it.ca\/fr\/wp-json\/wp\/v2\/types\/product"}],"replies":[{"embeddable":true,"href":"https:\/\/taste-it.ca\/fr\/wp-json\/wp\/v2\/comments?post=44564"}],"wp:featuredmedia":[{"embeddable":true,"href":"https:\/\/taste-it.ca\/fr\/wp-json\/wp\/v2\/media\/43414"}],"wp:attachment":[{"href":"https:\/\/taste-it.ca\/fr\/wp-json\/wp\/v2\/media?parent=44564"}],"wp:term":[{"taxonomy":"product_brand","embeddable":true,"href":"https:\/\/taste-it.ca\/fr\/wp-json\/wp\/v2\/product_brand?post=44564"},{"taxonomy":"product_cat","embeddable":true,"href":"https:\/\/taste-it.ca\/fr\/wp-json\/wp\/v2\/product_cat?post=44564"},{"taxonomy":"product_tag","embeddable":true,"href":"https:\/\/taste-it.ca\/fr\/wp-json\/wp\/v2\/product_tag?post=44564"}],"curies":[{"name":"wp","href":"https:\/\/api.w.org\/{rel}","templated":true}]}}