{"id":44561,"date":"2025-10-09T10:22:30","date_gmt":"2025-10-09T14:22:30","guid":{"rendered":"https:\/\/taste-it.ca\/boutique\/non class\u00e9\/organics-hemp-slim-papers-par-ocb\/"},"modified":"2025-10-09T10:22:30","modified_gmt":"2025-10-09T14:22:30","slug":"organics-hemp-slim-papers-par-ocb","status":"publish","type":"product","link":"https:\/\/taste-it.ca\/fr\/product\/organics-hemp-slim-papers-par-ocb\/","title":{"rendered":"Organics Hemp Slim Papers par OCB"},"content":{"rendered":"<ul>\n<li>32 Feuilles<\/li>\n<li>Papier \u00e0 rouler en chanvre biologique non blanchi<\/li>\n<li>100% gomme arabique naturelle<\/li>\n<li>Emballage recycl\u00e9, imprim\u00e9 avec des encres v\u00e9g\u00e9tales \u00e9cologiques<\/li>\n<\/ul>\n","protected":false},"excerpt":{"rendered":"<p>Papier \u00e0 rouler en chanvre biologique non blanchi<\/p>\n","protected":false},"featured_media":44104,"comment_status":"open","ping_status":"closed","template":"","meta":[],"product_brand":[],"product_cat":[2172],"product_tag":[],"class_list":{"0":"post-44561","1":"product","2":"type-product","3":"status-publish","4":"has-post-thumbnail","6":"product_cat-non-categorise","7":"yith_product_brand-ocb-fr","9":"first","10":"instock","11":"taxable","12":"shipping-taxable","13":"purchasable","14":"product-type-simple"},"_links":{"self":[{"href":"https:\/\/taste-it.ca\/fr\/wp-json\/wp\/v2\/product\/44561","targetHints":{"allow":["GET"]}}],"collection":[{"href":"https:\/\/taste-it.ca\/fr\/wp-json\/wp\/v2\/product"}],"about":[{"href":"https:\/\/taste-it.ca\/fr\/wp-json\/wp\/v2\/types\/product"}],"replies":[{"embeddable":true,"href":"https:\/\/taste-it.ca\/fr\/wp-json\/wp\/v2\/comments?post=44561"}],"wp:featuredmedia":[{"embeddable":true,"href":"https:\/\/taste-it.ca\/fr\/wp-json\/wp\/v2\/media\/44104"}],"wp:attachment":[{"href":"https:\/\/taste-it.ca\/fr\/wp-json\/wp\/v2\/media?parent=44561"}],"wp:term":[{"taxonomy":"product_brand","embeddable":true,"href":"https:\/\/taste-it.ca\/fr\/wp-json\/wp\/v2\/product_brand?post=44561"},{"taxonomy":"product_cat","embeddable":true,"href":"https:\/\/taste-it.ca\/fr\/wp-json\/wp\/v2\/product_cat?post=44561"},{"taxonomy":"product_tag","embeddable":true,"href":"https:\/\/taste-it.ca\/fr\/wp-json\/wp\/v2\/product_tag?post=44561"}],"curies":[{"name":"wp","href":"https:\/\/api.w.org\/{rel}","templated":true}]}}