{"id":44560,"date":"2025-10-09T09:03:52","date_gmt":"2025-10-09T13:03:52","guid":{"rendered":"https:\/\/taste-it.ca\/boutique\/non class\u00e9\/organics-hemp-1-1-4-papers-par-ocb\/"},"modified":"2025-10-09T09:03:52","modified_gmt":"2025-10-09T13:03:52","slug":"organics-hemp-1-1-4-papers-par-ocb","status":"publish","type":"product","link":"https:\/\/taste-it.ca\/fr\/product\/organics-hemp-1-1-4-papers-par-ocb\/","title":{"rendered":"Organics Hemp 1 1\/4 Papers par OCB"},"content":{"rendered":"<p>Les papiers OCB Organic Hemp 1&Prime; 1\/4 sont le type de papier \u00e0 rouler parfait pour tout fumeur \u00e0 la recherche de la fum\u00e9e la plus propre et la plus naturelle possible. OCB s&rsquo;est mis en quatre pour s&rsquo;assurer qu&rsquo;ils fabriquaient un papier \u00e0 rouler que m\u00e8re nature aurait approuv\u00e9. Ces produits sont \u00e0 cent pour cent de chanvre cultiv\u00e9 et r\u00e9colt\u00e9 uniquement dans des fermes biologiques.<\/p>\n<ul>\n<li>Chaque paquet contient 50 feuilles<\/li>\n<li>Papier \u00e0 rouler en chanvre biologique non blanchi<\/li>\n<\/ul>\n","protected":false},"excerpt":{"rendered":"<p>Papier \u00e0 rouler en chanvre biologique non blanchi<\/p>\n","protected":false},"featured_media":43614,"comment_status":"open","ping_status":"closed","template":"","meta":[],"product_brand":[],"product_cat":[2172],"product_tag":[],"class_list":{"0":"post-44560","1":"product","2":"type-product","3":"status-publish","4":"has-post-thumbnail","6":"product_cat-non-categorise","7":"yith_product_brand-ocb-fr","9":"first","10":"instock","11":"taxable","12":"shipping-taxable","13":"purchasable","14":"product-type-simple"},"_links":{"self":[{"href":"https:\/\/taste-it.ca\/fr\/wp-json\/wp\/v2\/product\/44560","targetHints":{"allow":["GET"]}}],"collection":[{"href":"https:\/\/taste-it.ca\/fr\/wp-json\/wp\/v2\/product"}],"about":[{"href":"https:\/\/taste-it.ca\/fr\/wp-json\/wp\/v2\/types\/product"}],"replies":[{"embeddable":true,"href":"https:\/\/taste-it.ca\/fr\/wp-json\/wp\/v2\/comments?post=44560"}],"wp:featuredmedia":[{"embeddable":true,"href":"https:\/\/taste-it.ca\/fr\/wp-json\/wp\/v2\/media\/43614"}],"wp:attachment":[{"href":"https:\/\/taste-it.ca\/fr\/wp-json\/wp\/v2\/media?parent=44560"}],"wp:term":[{"taxonomy":"product_brand","embeddable":true,"href":"https:\/\/taste-it.ca\/fr\/wp-json\/wp\/v2\/product_brand?post=44560"},{"taxonomy":"product_cat","embeddable":true,"href":"https:\/\/taste-it.ca\/fr\/wp-json\/wp\/v2\/product_cat?post=44560"},{"taxonomy":"product_tag","embeddable":true,"href":"https:\/\/taste-it.ca\/fr\/wp-json\/wp\/v2\/product_tag?post=44560"}],"curies":[{"name":"wp","href":"https:\/\/api.w.org\/{rel}","templated":true}]}}