{"id":44559,"date":"2025-10-09T09:03:52","date_gmt":"2025-10-09T13:03:52","guid":{"rendered":"https:\/\/taste-it.ca\/boutique\/non class\u00e9\/organic-natural-unrefined-rolling-papers-single-wide-double-window-par-raw\/"},"modified":"2025-10-09T09:03:52","modified_gmt":"2025-10-09T13:03:52","slug":"organic-natural-unrefined-rolling-papers-single-wide-double-window-par-raw","status":"publish","type":"product","link":"https:\/\/taste-it.ca\/fr\/product\/organic-natural-unrefined-rolling-papers-single-wide-double-window-par-raw\/","title":{"rendered":"Organic Natural Unrefined Rolling Papers, Single Wide Double Window par RAW"},"content":{"rendered":"<p>Les papiers \u00e0 rouler larges simples non raffin\u00e9s biologiques RAW sont fabriqu\u00e9s \u00e0 partir de chanvre pur naturellement non raffin\u00e9, sans craie ni colorant ajout\u00e9s. Une m\u00e9thode sp\u00e9ciale \u00e0 l&rsquo;eau pure est appliqu\u00e9e pour rendre les papiers fins et l\u00e9g\u00e8rement bronz\u00e9s, ce qui offre une combustion extra lente et propre.<\/p>\n<p><strong>Caract\u00e9ristiques<\/strong><\/p>\n<ul>\n<li>\u2013 Naturellement non raffin\u00e9<\/li>\n<li>\u2013 Sans additifs<\/li>\n<li>\u2013 Fabriqu\u00e9 \u00e0 partir de plantes<\/li>\n<li>\u2013 Filigrane entrecrois\u00e9 brevet\u00e9<\/li>\n<li>\u2013 Dimensions : 70 mm x 37 mm<\/li>\n<li>\u2013 100 papiers\/livret<\/li>\n<\/ul>\n","protected":false},"excerpt":{"rendered":"<p>Les papiers \u00e0 rouler larges simples non raffin\u00e9s biologiques RAW sont fabriqu\u00e9s \u00e0 partir de chanvre pur naturellement non raffin\u00e9, sans craie ni colorant ajout\u00e9s.<\/p>\n","protected":false},"featured_media":43618,"comment_status":"open","ping_status":"closed","template":"","meta":[],"product_brand":[],"product_cat":[2172],"product_tag":[],"class_list":{"0":"post-44559","1":"product","2":"type-product","3":"status-publish","4":"has-post-thumbnail","6":"product_cat-non-categorise","7":"yith_product_brand-raw-fr","9":"first","10":"instock","11":"taxable","12":"shipping-taxable","13":"purchasable","14":"product-type-simple"},"_links":{"self":[{"href":"https:\/\/taste-it.ca\/fr\/wp-json\/wp\/v2\/product\/44559","targetHints":{"allow":["GET"]}}],"collection":[{"href":"https:\/\/taste-it.ca\/fr\/wp-json\/wp\/v2\/product"}],"about":[{"href":"https:\/\/taste-it.ca\/fr\/wp-json\/wp\/v2\/types\/product"}],"replies":[{"embeddable":true,"href":"https:\/\/taste-it.ca\/fr\/wp-json\/wp\/v2\/comments?post=44559"}],"wp:featuredmedia":[{"embeddable":true,"href":"https:\/\/taste-it.ca\/fr\/wp-json\/wp\/v2\/media\/43618"}],"wp:attachment":[{"href":"https:\/\/taste-it.ca\/fr\/wp-json\/wp\/v2\/media?parent=44559"}],"wp:term":[{"taxonomy":"product_brand","embeddable":true,"href":"https:\/\/taste-it.ca\/fr\/wp-json\/wp\/v2\/product_brand?post=44559"},{"taxonomy":"product_cat","embeddable":true,"href":"https:\/\/taste-it.ca\/fr\/wp-json\/wp\/v2\/product_cat?post=44559"},{"taxonomy":"product_tag","embeddable":true,"href":"https:\/\/taste-it.ca\/fr\/wp-json\/wp\/v2\/product_tag?post=44559"}],"curies":[{"name":"wp","href":"https:\/\/api.w.org\/{rel}","templated":true}]}}