{"id":44557,"date":"2025-10-09T09:03:52","date_gmt":"2025-10-09T13:03:52","guid":{"rendered":"https:\/\/taste-it.ca\/boutique\/non%20class\u00e9\/orange-lemon-splash-candle-par-smoke-odor-exterminator\/"},"modified":"2025-10-15T14:53:18","modified_gmt":"2025-10-15T18:53:18","slug":"orange-lemon-splash-candle-par-smoke-odor-exterminator","status":"publish","type":"product","link":"https:\/\/taste-it.ca\/fr\/product\/orange-lemon-splash-candle-par-smoke-odor-exterminator\/","title":{"rendered":"Orange Lemon Splash Candle par Smoke Odor Exterminator"},"content":{"rendered":"<p>Les bougies exterminatrices d&rsquo;odeurs de fum\u00e9e au parfum d&rsquo;\u00e9claboussures de citron orange offrent un m\u00e9lange sucr\u00e9, frais et exotique de parfums d&rsquo;agrumes d\u00e9riv\u00e9s d&rsquo;un m\u00e9lange unique d&rsquo;oranges douces avec une touche de citrons acidul\u00e9s.<\/p>\n<p>Les tuyaux sont des bougies \u00e0 base d&rsquo;enzymes qui attaquent et d\u00e9composent parfaitement les odeurs d\u00e9sagr\u00e9ables, allant des cigarettes, pipes, cigares, animaux domestiques \u00e0 d&rsquo;autres odeurs domestiques.<\/p>\n<p><strong>Caract\u00e9ristiques<\/strong><\/p>\n<ul>\n<li>Id\u00e9al pour \u00e9liminer la fum\u00e9e ind\u00e9sirable des cigarettes, pipes, cigares, animaux domestiques, etc\u2026<\/li>\n<li>Parfum : \u00e9claboussure de citron orange<\/li>\n<li>Notes parfum\u00e9es : fruit\u00e9es, fra\u00eeches, acidul\u00e9es<\/li>\n<li>Formul\u00e9 enzymatique<\/li>\n<li>Dur\u00e9e de combustion : jusqu&rsquo;\u00e0 70 heures<\/li>\n<li>Poids\u00a0: 13\u00a0oz<\/li>\n<\/ul>\n","protected":false},"excerpt":{"rendered":"<p>Les bougies exterminatrices d&rsquo;odeurs de fum\u00e9e au parfum d&rsquo;\u00e9claboussures de citron orange offrent un m\u00e9lange sucr\u00e9, frais et exotique de parfums d&rsquo;agrumes d\u00e9riv\u00e9s d&rsquo;un m\u00e9lange unique d&rsquo;oranges douces avec une touche de citrons acidul\u00e9s.<\/p>\n","protected":false},"featured_media":43410,"comment_status":"open","ping_status":"closed","template":"","meta":[],"product_brand":[],"product_cat":[2172],"product_tag":[2450,2325],"class_list":{"0":"post-44557","1":"product","2":"type-product","3":"status-publish","4":"has-post-thumbnail","6":"product_cat-non-categorise","7":"product_tag-citron","8":"product_tag-orange-fr","9":"yith_product_brand-smoke-odor-fr","11":"first","12":"onbackorder","13":"taxable","14":"shipping-taxable","15":"purchasable","16":"product-type-simple"},"_links":{"self":[{"href":"https:\/\/taste-it.ca\/fr\/wp-json\/wp\/v2\/product\/44557","targetHints":{"allow":["GET"]}}],"collection":[{"href":"https:\/\/taste-it.ca\/fr\/wp-json\/wp\/v2\/product"}],"about":[{"href":"https:\/\/taste-it.ca\/fr\/wp-json\/wp\/v2\/types\/product"}],"replies":[{"embeddable":true,"href":"https:\/\/taste-it.ca\/fr\/wp-json\/wp\/v2\/comments?post=44557"}],"wp:featuredmedia":[{"embeddable":true,"href":"https:\/\/taste-it.ca\/fr\/wp-json\/wp\/v2\/media\/43410"}],"wp:attachment":[{"href":"https:\/\/taste-it.ca\/fr\/wp-json\/wp\/v2\/media?parent=44557"}],"wp:term":[{"taxonomy":"product_brand","embeddable":true,"href":"https:\/\/taste-it.ca\/fr\/wp-json\/wp\/v2\/product_brand?post=44557"},{"taxonomy":"product_cat","embeddable":true,"href":"https:\/\/taste-it.ca\/fr\/wp-json\/wp\/v2\/product_cat?post=44557"},{"taxonomy":"product_tag","embeddable":true,"href":"https:\/\/taste-it.ca\/fr\/wp-json\/wp\/v2\/product_tag?post=44557"}],"curies":[{"name":"wp","href":"https:\/\/api.w.org\/{rel}","templated":true}]}}