{"id":44555,"date":"2025-10-09T09:03:52","date_gmt":"2025-10-09T13:03:52","guid":{"rendered":"https:\/\/taste-it.ca\/boutique\/non class\u00e9\/orange-label-cleaner-bottle-12-oz-par-randys\/"},"modified":"2025-10-09T09:03:52","modified_gmt":"2025-10-09T13:03:52","slug":"orange-label-cleaner-bottle-12-oz-par-randys","status":"publish","type":"product","link":"https:\/\/taste-it.ca\/fr\/product\/orange-label-cleaner-bottle-12-oz-par-randys\/","title":{"rendered":"Orange Label Cleaner Bottle, 12 oz par Randy&rsquo;s"},"content":{"rendered":"<p>Randy&rsquo;s Orange Label est un nettoyant liquide naturel \u00e0 base d&rsquo;agrumes. Orange Label donnera \u00e0 votre pi\u00e8ce une apparence et une odeur incroyables. Orange Label est parfait pour les clients qui utilisent des pi\u00e8ces en verre, m\u00e9tal, c\u00e9ramique, silicone, bois ou acrylique. Ajoutez simplement Orange Label \u00e0 votre pi\u00e8ce sale et faites tourbillonner la solution pour d\u00e9composer les r\u00e9sidus ind\u00e9sirables.<\/p>\n<p><strong>Caract\u00e9ristiques<\/strong><\/p>\n<ul>\n<li>\u2013 Utilisation pour le silicone, le verre, le m\u00e9tal, la c\u00e9ramique, le bois et l&rsquo;acrylique<\/li>\n<\/ul>\n","protected":false},"excerpt":{"rendered":"<p>Randy&rsquo;s Orange Label est un nettoyant liquide naturel \u00e0 base d&rsquo;agrumes.<\/p>\n","protected":false},"featured_media":43608,"comment_status":"open","ping_status":"closed","template":"","meta":[],"product_brand":[],"product_cat":[3115],"product_tag":[],"class_list":{"0":"post-44555","1":"product","2":"type-product","3":"status-publish","4":"has-post-thumbnail","6":"product_cat-controle-entretien","7":"yith_product_brand-randys-fr","9":"first","10":"instock","11":"taxable","12":"shipping-taxable","13":"purchasable","14":"product-type-simple"},"_links":{"self":[{"href":"https:\/\/taste-it.ca\/fr\/wp-json\/wp\/v2\/product\/44555","targetHints":{"allow":["GET"]}}],"collection":[{"href":"https:\/\/taste-it.ca\/fr\/wp-json\/wp\/v2\/product"}],"about":[{"href":"https:\/\/taste-it.ca\/fr\/wp-json\/wp\/v2\/types\/product"}],"replies":[{"embeddable":true,"href":"https:\/\/taste-it.ca\/fr\/wp-json\/wp\/v2\/comments?post=44555"}],"wp:featuredmedia":[{"embeddable":true,"href":"https:\/\/taste-it.ca\/fr\/wp-json\/wp\/v2\/media\/43608"}],"wp:attachment":[{"href":"https:\/\/taste-it.ca\/fr\/wp-json\/wp\/v2\/media?parent=44555"}],"wp:term":[{"taxonomy":"product_brand","embeddable":true,"href":"https:\/\/taste-it.ca\/fr\/wp-json\/wp\/v2\/product_brand?post=44555"},{"taxonomy":"product_cat","embeddable":true,"href":"https:\/\/taste-it.ca\/fr\/wp-json\/wp\/v2\/product_cat?post=44555"},{"taxonomy":"product_tag","embeddable":true,"href":"https:\/\/taste-it.ca\/fr\/wp-json\/wp\/v2\/product_tag?post=44555"}],"curies":[{"name":"wp","href":"https:\/\/api.w.org\/{rel}","templated":true}]}}