{"id":44551,"date":"2025-10-09T09:03:52","date_gmt":"2025-10-09T13:03:52","guid":{"rendered":"https:\/\/taste-it.ca\/boutique\/non class\u00e9\/munchies-limited-edition-candle-par-smoke-odor-exterminator\/"},"modified":"2025-10-09T09:03:52","modified_gmt":"2025-10-09T13:03:52","slug":"munchies-limited-edition-candle-par-smoke-odor-exterminator","status":"publish","type":"product","link":"https:\/\/taste-it.ca\/fr\/product\/munchies-limited-edition-candle-par-smoke-odor-exterminator\/","title":{"rendered":"Munchies Limited Edition Candle par Smoke Odor Exterminator"},"content":{"rendered":"<p>Les bougies Smoke Odor Exterminator avec le parfum Munchies offrent une corne d&rsquo;abondance de d\u00e9licieuses fragrances, telles que le caramel et le pop-corn chaud au beurre, les beignets fra\u00eechement pr\u00e9par\u00e9s, les churros \u00e0 la cannelle chaude, la p\u00e2te sucr\u00e9e, la vanille et plus encore, cr\u00e9ant une atmosph\u00e8re digne des festivals culinaires locaux.<\/p>\n<p>Ce sont des bougies formul\u00e9es avec des enzymes qui attaquent et d\u00e9composent parfaitement les odeurs d\u00e9sagr\u00e9ables, allant des cigarettes, pipes, cigares, animaux domestiques jusqu&rsquo;\u00e0 d&rsquo;autres odeurs m\u00e9nag\u00e8res.<\/p>\n<p><b>Caract\u00e9ristiques<\/b><\/p>\n<ul>\n<li>Id\u00e9al pour enlever la fum\u00e9e ind\u00e9sirable de cigarettes, pipes, cigares, animaux de compagnie, etc.<\/li>\n<li>Parfum: munchies<\/li>\n<li>Notes de parfum : sucr\u00e9e, vanill\u00e9, beurr\u00e9<\/li>\n<li>Formul\u00e9 avec des enzymes<\/li>\n<li>Dur\u00e9e de combustion : jusqu&rsquo;\u00e0 70 heures<\/li>\n<li>Poids : 13 oz<\/li>\n<\/ul>\n","protected":false},"excerpt":{"rendered":"<p>Les bougies Smoke Odor Exterminator avec le parfum Munchies offrent une corne d&rsquo;abondance de d\u00e9licieuses fragrances, telles que le caramel et le pop-corn chaud au beurre, les beignets fra\u00eechement pr\u00e9par\u00e9s, les churros \u00e0 la cannelle chaude, la p\u00e2te sucr\u00e9e, la vanille et plus encore, cr\u00e9ant une atmosph\u00e8re digne des festivals culinaires locaux.<\/p>\n","protected":false},"featured_media":43602,"comment_status":"open","ping_status":"closed","template":"","meta":[],"product_brand":[],"product_cat":[2172],"product_tag":[2233,2355,2663],"class_list":{"0":"post-44551","1":"product","2":"type-product","3":"status-publish","4":"has-post-thumbnail","6":"product_cat-non-categorise","7":"product_tag-beurre","8":"product_tag-doux","9":"product_tag-vanilla-fr","10":"yith_product_brand-smoke-odor-fr","12":"first","13":"onbackorder","14":"taxable","15":"shipping-taxable","16":"purchasable","17":"product-type-simple"},"_links":{"self":[{"href":"https:\/\/taste-it.ca\/fr\/wp-json\/wp\/v2\/product\/44551","targetHints":{"allow":["GET"]}}],"collection":[{"href":"https:\/\/taste-it.ca\/fr\/wp-json\/wp\/v2\/product"}],"about":[{"href":"https:\/\/taste-it.ca\/fr\/wp-json\/wp\/v2\/types\/product"}],"replies":[{"embeddable":true,"href":"https:\/\/taste-it.ca\/fr\/wp-json\/wp\/v2\/comments?post=44551"}],"wp:featuredmedia":[{"embeddable":true,"href":"https:\/\/taste-it.ca\/fr\/wp-json\/wp\/v2\/media\/43602"}],"wp:attachment":[{"href":"https:\/\/taste-it.ca\/fr\/wp-json\/wp\/v2\/media?parent=44551"}],"wp:term":[{"taxonomy":"product_brand","embeddable":true,"href":"https:\/\/taste-it.ca\/fr\/wp-json\/wp\/v2\/product_brand?post=44551"},{"taxonomy":"product_cat","embeddable":true,"href":"https:\/\/taste-it.ca\/fr\/wp-json\/wp\/v2\/product_cat?post=44551"},{"taxonomy":"product_tag","embeddable":true,"href":"https:\/\/taste-it.ca\/fr\/wp-json\/wp\/v2\/product_tag?post=44551"}],"curies":[{"name":"wp","href":"https:\/\/api.w.org\/{rel}","templated":true}]}}