{"id":44548,"date":"2025-10-09T10:22:29","date_gmt":"2025-10-09T14:22:29","guid":{"rendered":"https:\/\/taste-it.ca\/boutique\/non class\u00e9\/mouthpiece-par-dynavap\/"},"modified":"2025-10-09T10:22:29","modified_gmt":"2025-10-09T14:22:29","slug":"mouthpiece-par-dynavap","status":"publish","type":"product","link":"https:\/\/taste-it.ca\/fr\/product\/mouthpiece-par-dynavap\/","title":{"rendered":"Mouthpiece par Dynavap"},"content":{"rendered":"<p>Le gros embout buccal est un adaptateur en caoutchouc qui cr\u00e9e un joint pour les joints de pi\u00e8ces d&rsquo;eau femelles de 14 mm et s&rsquo;adapte \u00e0 tous les appareils DynaVap.<\/p>\n<p>** Remarque : l&#8217;embout buccal ne rentre pas dans l&rsquo;ouverture des tubes de stockage en plastique DynaStash ou vert\/violet.<\/p>\n","protected":false},"excerpt":{"rendered":"<p>Le gros embout buccal est un adaptateur en caoutchouc qui cr\u00e9e un joint pour les joints de pi\u00e8ces d&rsquo;eau femelles de 14 mm et s&rsquo;adapte \u00e0 tous les appareils DynaVap.<\/p>\n","protected":false},"featured_media":44096,"comment_status":"open","ping_status":"closed","template":"","meta":[],"product_brand":[],"product_cat":[2172],"product_tag":[],"class_list":{"0":"post-44548","1":"product","2":"type-product","3":"status-publish","4":"has-post-thumbnail","6":"product_cat-non-categorise","7":"yith_product_brand-dynavap-fr","9":"first","10":"outofstock","11":"taxable","12":"shipping-taxable","13":"purchasable","14":"product-type-simple"},"_links":{"self":[{"href":"https:\/\/taste-it.ca\/fr\/wp-json\/wp\/v2\/product\/44548","targetHints":{"allow":["GET"]}}],"collection":[{"href":"https:\/\/taste-it.ca\/fr\/wp-json\/wp\/v2\/product"}],"about":[{"href":"https:\/\/taste-it.ca\/fr\/wp-json\/wp\/v2\/types\/product"}],"replies":[{"embeddable":true,"href":"https:\/\/taste-it.ca\/fr\/wp-json\/wp\/v2\/comments?post=44548"}],"wp:featuredmedia":[{"embeddable":true,"href":"https:\/\/taste-it.ca\/fr\/wp-json\/wp\/v2\/media\/44096"}],"wp:attachment":[{"href":"https:\/\/taste-it.ca\/fr\/wp-json\/wp\/v2\/media?parent=44548"}],"wp:term":[{"taxonomy":"product_brand","embeddable":true,"href":"https:\/\/taste-it.ca\/fr\/wp-json\/wp\/v2\/product_brand?post=44548"},{"taxonomy":"product_cat","embeddable":true,"href":"https:\/\/taste-it.ca\/fr\/wp-json\/wp\/v2\/product_cat?post=44548"},{"taxonomy":"product_tag","embeddable":true,"href":"https:\/\/taste-it.ca\/fr\/wp-json\/wp\/v2\/product_tag?post=44548"}],"curies":[{"name":"wp","href":"https:\/\/api.w.org\/{rel}","templated":true}]}}