{"id":44545,"date":"2025-10-09T10:38:26","date_gmt":"2025-10-09T14:38:26","guid":{"rendered":"https:\/\/taste-it.ca\/boutique\/non class\u00e9\/mini-brush-par-randys\/"},"modified":"2025-10-09T10:38:26","modified_gmt":"2025-10-09T14:38:26","slug":"mini-brush-par-randys","status":"publish","type":"product","link":"https:\/\/taste-it.ca\/fr\/product\/mini-brush-par-randys\/","title":{"rendered":"Mini Brush par Randy&rsquo;s"},"content":{"rendered":"<p>Brosses de nettoyage de haute qualit\u00e9 pour le verre, le m\u00e9tal, la c\u00e9ramique, le silicone, l&rsquo;\u00e9lectronique et bien plus encore !<\/p>\n<p>Diam\u00e8tre disponible :<\/p>\n<ul>\n<li>5 millim\u00e8tres<br \/>\n8 mm<\/li>\n<\/ul>\n","protected":false},"excerpt":{"rendered":"<p>Brosses de nettoyage de haute qualit\u00e9 pour le verre, le m\u00e9tal, la c\u00e9ramique, le silicone, l&rsquo;\u00e9lectronique et bien plus encore !<\/p>\n","protected":false},"featured_media":43332,"comment_status":"open","ping_status":"closed","template":"","meta":[],"product_brand":[],"product_cat":[3115],"product_tag":[],"class_list":{"0":"post-44545","1":"product","2":"type-product","3":"status-publish","4":"has-post-thumbnail","6":"product_cat-controle-entretien","7":"yith_product_brand-randys-fr","9":"first","10":"onbackorder","11":"taxable","12":"shipping-taxable","13":"purchasable","14":"product-type-variable"},"_links":{"self":[{"href":"https:\/\/taste-it.ca\/fr\/wp-json\/wp\/v2\/product\/44545","targetHints":{"allow":["GET"]}}],"collection":[{"href":"https:\/\/taste-it.ca\/fr\/wp-json\/wp\/v2\/product"}],"about":[{"href":"https:\/\/taste-it.ca\/fr\/wp-json\/wp\/v2\/types\/product"}],"replies":[{"embeddable":true,"href":"https:\/\/taste-it.ca\/fr\/wp-json\/wp\/v2\/comments?post=44545"}],"wp:featuredmedia":[{"embeddable":true,"href":"https:\/\/taste-it.ca\/fr\/wp-json\/wp\/v2\/media\/43332"}],"wp:attachment":[{"href":"https:\/\/taste-it.ca\/fr\/wp-json\/wp\/v2\/media?parent=44545"}],"wp:term":[{"taxonomy":"product_brand","embeddable":true,"href":"https:\/\/taste-it.ca\/fr\/wp-json\/wp\/v2\/product_brand?post=44545"},{"taxonomy":"product_cat","embeddable":true,"href":"https:\/\/taste-it.ca\/fr\/wp-json\/wp\/v2\/product_cat?post=44545"},{"taxonomy":"product_tag","embeddable":true,"href":"https:\/\/taste-it.ca\/fr\/wp-json\/wp\/v2\/product_tag?post=44545"}],"curies":[{"name":"wp","href":"https:\/\/api.w.org\/{rel}","templated":true}]}}