{"id":44543,"date":"2025-10-09T09:03:52","date_gmt":"2025-10-09T13:03:52","guid":{"rendered":"https:\/\/taste-it.ca\/boutique\/non class\u00e9\/metal-paper-case-king-size-par-raw\/"},"modified":"2025-10-09T09:03:52","modified_gmt":"2025-10-09T13:03:52","slug":"metal-paper-case-king-size-par-raw","status":"publish","type":"product","link":"https:\/\/taste-it.ca\/fr\/product\/metal-paper-case-king-size-par-raw\/","title":{"rendered":"Metal Paper Case, King Size par Raw"},"content":{"rendered":"<p>Le boitier en m\u00e9tal RAW pour paquet de feuilles King Size est un accessoire \u00e9l\u00e9gant qui prot\u00e8ge les feuilles \u00e0 rouler et les maintient en bon \u00e9tat dans une poche, un sac \u00e0 main, un sac \u00e0 dos, etc. Le bo\u00eetier pr\u00e9sente un design en m\u00e9tal extra-r\u00e9sistant, avec un couvercle \u00e0 charni\u00e8re qui maintient parfaitement les feuilles \u00e0 l&rsquo;int\u00e9rieur.<\/p>\n<p><strong>Caract\u00e9ristiques<\/strong><\/p>\n<ul>\n<li>Garder les feuilles \u00e0 rouler s\u00e8ches et sans plis<\/li>\n<li>M\u00e9tal durable avec un design \u00e9l\u00e9gant<\/li>\n<li>Convient aux feuilles \u00e0 rouler king size RAW.<\/li>\n<\/ul>\n","protected":false},"excerpt":{"rendered":"<p>Le boitier en m\u00e9tal RAW pour paquet de feuilles King Size est un accessoire \u00e9l\u00e9gant qui prot\u00e8ge les feuilles \u00e0 rouler et les maintient en bon \u00e9tat dans une poche, un sac \u00e0 main, un sac \u00e0 dos, etc.<\/p>\n","protected":false},"featured_media":43592,"comment_status":"open","ping_status":"closed","template":"","meta":[],"product_brand":[],"product_cat":[2172],"product_tag":[],"class_list":{"0":"post-44543","1":"product","2":"type-product","3":"status-publish","4":"has-post-thumbnail","6":"product_cat-non-categorise","7":"yith_product_brand-raw-fr","9":"first","10":"instock","11":"taxable","12":"shipping-taxable","13":"purchasable","14":"product-type-simple"},"_links":{"self":[{"href":"https:\/\/taste-it.ca\/fr\/wp-json\/wp\/v2\/product\/44543","targetHints":{"allow":["GET"]}}],"collection":[{"href":"https:\/\/taste-it.ca\/fr\/wp-json\/wp\/v2\/product"}],"about":[{"href":"https:\/\/taste-it.ca\/fr\/wp-json\/wp\/v2\/types\/product"}],"replies":[{"embeddable":true,"href":"https:\/\/taste-it.ca\/fr\/wp-json\/wp\/v2\/comments?post=44543"}],"wp:featuredmedia":[{"embeddable":true,"href":"https:\/\/taste-it.ca\/fr\/wp-json\/wp\/v2\/media\/43592"}],"wp:attachment":[{"href":"https:\/\/taste-it.ca\/fr\/wp-json\/wp\/v2\/media?parent=44543"}],"wp:term":[{"taxonomy":"product_brand","embeddable":true,"href":"https:\/\/taste-it.ca\/fr\/wp-json\/wp\/v2\/product_brand?post=44543"},{"taxonomy":"product_cat","embeddable":true,"href":"https:\/\/taste-it.ca\/fr\/wp-json\/wp\/v2\/product_cat?post=44543"},{"taxonomy":"product_tag","embeddable":true,"href":"https:\/\/taste-it.ca\/fr\/wp-json\/wp\/v2\/product_tag?post=44543"}],"curies":[{"name":"wp","href":"https:\/\/api.w.org\/{rel}","templated":true}]}}