{"id":44540,"date":"2025-10-09T09:03:03","date_gmt":"2025-10-09T13:03:03","guid":{"rendered":"https:\/\/taste-it.ca\/boutique\/non class\u00e9\/mapple-leaf-limited-edition-candle-par-smoke-odor-exterminator\/"},"modified":"2025-10-09T09:03:03","modified_gmt":"2025-10-09T13:03:03","slug":"mapple-leaf-limited-edition-candle-par-smoke-odor-exterminator","status":"publish","type":"product","link":"https:\/\/taste-it.ca\/fr\/product\/mapple-leaf-limited-edition-candle-par-smoke-odor-exterminator\/","title":{"rendered":"Mapple Leaf Limited Edition Candle par Smoke Odor Exterminator"},"content":{"rendered":"<p>Les bougies Smoke Odor Exterminator au parfum de Feuilles d&rsquo;\u00c9rable lib\u00e8rent des notes de cr\u00eapes riches au babeurre, de beurre cr\u00e9meux et de sirop d&rsquo;\u00e9rable chaud.<\/p>\n<p>Ce sont des bougies formul\u00e9es avec des enzymes qui attaquent et d\u00e9composent parfaitement les odeurs d\u00e9sagr\u00e9ables, allant des cigarettes, pipes, cigares, animaux de compagnie aux autres odeurs de la maison.<\/p>\n<p><strong>Caract\u00e9ristiques<\/strong><\/p>\n<ul>\n<li>Id\u00e9al pour enlever la fum\u00e9e ind\u00e9sirable de cigarettes, pipes, cigares, animaux de compagnie, etc.<\/li>\n<li>Parfum : feuille d&rsquo;\u00e9rable<\/li>\n<li>Notes de parfum : sucr\u00e9e, beurr\u00e9e, cr\u00e9meuse<\/li>\n<li>Formul\u00e9 avec des enzymes<\/li>\n<li>Dur\u00e9e de combustion : jusqu&rsquo;\u00e0 70 heures<\/li>\n<li>Poids : 13 oz<\/li>\n<\/ul>\n","protected":false},"excerpt":{"rendered":"<p>Les bougies Smoke Odor Exterminator au parfum de Feuilles d&rsquo;\u00c9rable lib\u00e8rent des notes de cr\u00eapes riches au babeurre, de beurre cr\u00e9meux et de sirop d&rsquo;\u00e9rable chaud.<\/p>\n","protected":false},"featured_media":43590,"comment_status":"open","ping_status":"closed","template":"","meta":[],"product_brand":[],"product_cat":[15],"product_tag":[2315],"class_list":{"0":"post-44540","1":"product","2":"type-product","3":"status-publish","4":"has-post-thumbnail","6":"product_cat-uncategorized","7":"product_tag-erable","8":"yith_product_brand-smoke-odor-fr","10":"first","11":"onbackorder","12":"taxable","13":"shipping-taxable","14":"purchasable","15":"product-type-simple"},"_links":{"self":[{"href":"https:\/\/taste-it.ca\/fr\/wp-json\/wp\/v2\/product\/44540","targetHints":{"allow":["GET"]}}],"collection":[{"href":"https:\/\/taste-it.ca\/fr\/wp-json\/wp\/v2\/product"}],"about":[{"href":"https:\/\/taste-it.ca\/fr\/wp-json\/wp\/v2\/types\/product"}],"replies":[{"embeddable":true,"href":"https:\/\/taste-it.ca\/fr\/wp-json\/wp\/v2\/comments?post=44540"}],"wp:featuredmedia":[{"embeddable":true,"href":"https:\/\/taste-it.ca\/fr\/wp-json\/wp\/v2\/media\/43590"}],"wp:attachment":[{"href":"https:\/\/taste-it.ca\/fr\/wp-json\/wp\/v2\/media?parent=44540"}],"wp:term":[{"taxonomy":"product_brand","embeddable":true,"href":"https:\/\/taste-it.ca\/fr\/wp-json\/wp\/v2\/product_brand?post=44540"},{"taxonomy":"product_cat","embeddable":true,"href":"https:\/\/taste-it.ca\/fr\/wp-json\/wp\/v2\/product_cat?post=44540"},{"taxonomy":"product_tag","embeddable":true,"href":"https:\/\/taste-it.ca\/fr\/wp-json\/wp\/v2\/product_tag?post=44540"}],"curies":[{"name":"wp","href":"https:\/\/api.w.org\/{rel}","templated":true}]}}