{"id":44538,"date":"2025-10-09T09:03:04","date_gmt":"2025-10-09T13:03:04","guid":{"rendered":"https:\/\/taste-it.ca\/boutique\/non%20class\u00e9\/mango-papaya-20-pck-par-juicy-jays-thai-incense\/"},"modified":"2025-10-15T10:08:29","modified_gmt":"2025-10-15T14:08:29","slug":"mango-papaya-20-pck-par-juicy-jays-thai-incense","status":"publish","type":"product","link":"https:\/\/taste-it.ca\/fr\/product\/mango-papaya-20-pck-par-juicy-jays-thai-incense\/","title":{"rendered":"Mango Papaya (20\/PCK) par Juicy Jay\u2019s Thai Incense"},"content":{"rendered":"<div class=\"woocommerce-product-details__short-description\">\n<p>Les b\u00e2tonnets d\u2019encens <strong>Juicy Jay\u2019s Thai Mango Papaya<\/strong> offrent un parfum fruit\u00e9 et exotique, id\u00e9al pour rafra\u00eechir une pi\u00e8ce et \u00e9liminer les odeurs ind\u00e9sirables. Chaque paquet contient 20 b\u00e2tonnets d\u2019encens.<\/p>\n<\/div>\n<h3>Caract\u00e9ristiques<\/h3>\n<ul>\n<li>Parfum mangue et papaye<\/li>\n<li>20 b\u00e2tonnets par paquet<\/li>\n<\/ul>\n","protected":false},"excerpt":{"rendered":"<p>Les b\u00e2tonnets d\u2019encens Juicy Jay\u2019s Thai Mango Papaya offrent un parfum fruit\u00e9 et exotique, id\u00e9al pour rafra\u00eechir une pi\u00e8ce et \u00e9liminer les odeurs ind\u00e9sirables. Chaque paquet contient 20 b\u00e2tonnets d\u2019encens.<\/p>\n","protected":false},"featured_media":43588,"comment_status":"open","ping_status":"closed","template":"","meta":[],"product_brand":[],"product_cat":[2172],"product_tag":[],"class_list":{"0":"post-44538","1":"product","2":"type-product","3":"status-publish","4":"has-post-thumbnail","6":"product_cat-non-categorise","7":"yith_product_brand-juicy-jays-fr","9":"first","10":"instock","11":"taxable","12":"shipping-taxable","13":"purchasable","14":"product-type-simple"},"_links":{"self":[{"href":"https:\/\/taste-it.ca\/fr\/wp-json\/wp\/v2\/product\/44538","targetHints":{"allow":["GET"]}}],"collection":[{"href":"https:\/\/taste-it.ca\/fr\/wp-json\/wp\/v2\/product"}],"about":[{"href":"https:\/\/taste-it.ca\/fr\/wp-json\/wp\/v2\/types\/product"}],"replies":[{"embeddable":true,"href":"https:\/\/taste-it.ca\/fr\/wp-json\/wp\/v2\/comments?post=44538"}],"wp:featuredmedia":[{"embeddable":true,"href":"https:\/\/taste-it.ca\/fr\/wp-json\/wp\/v2\/media\/43588"}],"wp:attachment":[{"href":"https:\/\/taste-it.ca\/fr\/wp-json\/wp\/v2\/media?parent=44538"}],"wp:term":[{"taxonomy":"product_brand","embeddable":true,"href":"https:\/\/taste-it.ca\/fr\/wp-json\/wp\/v2\/product_brand?post=44538"},{"taxonomy":"product_cat","embeddable":true,"href":"https:\/\/taste-it.ca\/fr\/wp-json\/wp\/v2\/product_cat?post=44538"},{"taxonomy":"product_tag","embeddable":true,"href":"https:\/\/taste-it.ca\/fr\/wp-json\/wp\/v2\/product_tag?post=44538"}],"curies":[{"name":"wp","href":"https:\/\/api.w.org\/{rel}","templated":true}]}}