{"id":44530,"date":"2025-10-09T09:03:30","date_gmt":"2025-10-09T13:03:30","guid":{"rendered":"https:\/\/taste-it.ca\/boutique\/non%20class\u00e9\/kiwi-twisted-strawberry-candle-par-smoke-odor-exterminator\/"},"modified":"2025-10-15T14:53:16","modified_gmt":"2025-10-15T18:53:16","slug":"kiwi-twisted-strawberry-candle-par-smoke-odor-exterminator","status":"publish","type":"product","link":"https:\/\/taste-it.ca\/fr\/product\/kiwi-twisted-strawberry-candle-par-smoke-odor-exterminator\/","title":{"rendered":"Kiwi Twisted Strawberry Candle par Smoke Odor Exterminator"},"content":{"rendered":"<p>Les bougies anti-odeurs de fum\u00e9e au parfum de fraise torsad\u00e9e au kiwi offrent une touche de parfum fruit\u00e9 avec des fraises juteuses, des kiwis m\u00fbrs sucr\u00e9s, des citrons d&rsquo;Argentine, des baies sauvages, etc.<\/p>\n<p>Les tuyaux sont des bougies \u00e0 base d&rsquo;enzymes qui attaquent et d\u00e9composent parfaitement les odeurs d\u00e9sagr\u00e9ables, allant des cigarettes, pipes, cigares, animaux domestiques \u00e0 d&rsquo;autres odeurs domestiques.<\/p>\n<p><strong>Caract\u00e9ristiques<\/strong><\/p>\n<ul>\n<li>Id\u00e9al pour \u00e9liminer la fum\u00e9e ind\u00e9sirable des cigarettes, pipes, cigares, animaux domestiques, etc\u2026<\/li>\n<li>Parfum : kiwi fraise torsad\u00e9e<\/li>\n<li>Notes parfum\u00e9es : fruit\u00e9es, sucr\u00e9es<\/li>\n<li>Formul\u00e9 enzymatique<\/li>\n<li>Dur\u00e9e de combustion : jusqu&rsquo;\u00e0 70 heures<\/li>\n<li>Poids\u00a0: 13\u00a0oz<\/li>\n<\/ul>\n","protected":false},"excerpt":{"rendered":"<p>Les bougies anti-odeurs de fum\u00e9e au parfum de fraise torsad\u00e9e au kiwi offrent une touche de parfum fruit\u00e9 avec des fraises juteuses, des kiwis m\u00fbrs sucr\u00e9s, des citrons d&rsquo;Argentine, des baies sauvages, etc.<\/p>\n","protected":false},"featured_media":43400,"comment_status":"open","ping_status":"closed","template":"","meta":[],"product_brand":[],"product_cat":[2172],"product_tag":[2351,2447],"class_list":{"0":"post-44530","1":"product","2":"type-product","3":"status-publish","4":"has-post-thumbnail","6":"product_cat-non-categorise","7":"product_tag-fraise","8":"product_tag-kiwi-fr","9":"yith_product_brand-smoke-odor-fr","11":"first","12":"onbackorder","13":"taxable","14":"shipping-taxable","15":"purchasable","16":"product-type-simple"},"_links":{"self":[{"href":"https:\/\/taste-it.ca\/fr\/wp-json\/wp\/v2\/product\/44530","targetHints":{"allow":["GET"]}}],"collection":[{"href":"https:\/\/taste-it.ca\/fr\/wp-json\/wp\/v2\/product"}],"about":[{"href":"https:\/\/taste-it.ca\/fr\/wp-json\/wp\/v2\/types\/product"}],"replies":[{"embeddable":true,"href":"https:\/\/taste-it.ca\/fr\/wp-json\/wp\/v2\/comments?post=44530"}],"wp:featuredmedia":[{"embeddable":true,"href":"https:\/\/taste-it.ca\/fr\/wp-json\/wp\/v2\/media\/43400"}],"wp:attachment":[{"href":"https:\/\/taste-it.ca\/fr\/wp-json\/wp\/v2\/media?parent=44530"}],"wp:term":[{"taxonomy":"product_brand","embeddable":true,"href":"https:\/\/taste-it.ca\/fr\/wp-json\/wp\/v2\/product_brand?post=44530"},{"taxonomy":"product_cat","embeddable":true,"href":"https:\/\/taste-it.ca\/fr\/wp-json\/wp\/v2\/product_cat?post=44530"},{"taxonomy":"product_tag","embeddable":true,"href":"https:\/\/taste-it.ca\/fr\/wp-json\/wp\/v2\/product_tag?post=44530"}],"curies":[{"name":"wp","href":"https:\/\/api.w.org\/{rel}","templated":true}]}}