{"id":44529,"date":"2025-10-09T09:03:30","date_gmt":"2025-10-09T13:03:30","guid":{"rendered":"https:\/\/taste-it.ca\/boutique\/non class\u00e9\/just-like-home-limited-edition-candle-par-smoke-odor-exterminator\/"},"modified":"2025-10-09T09:03:30","modified_gmt":"2025-10-09T13:03:30","slug":"just-like-home-limited-edition-candle-par-smoke-odor-exterminator","status":"publish","type":"product","link":"https:\/\/taste-it.ca\/fr\/product\/just-like-home-limited-edition-candle-par-smoke-odor-exterminator\/","title":{"rendered":"Just Like Home Limited Edition Candle par Smoke Odor Exterminator"},"content":{"rendered":"<p>La bougie en \u00e9dition limit\u00e9e Smoke Odor Exterminator avec le parfum Just Like Home cr\u00e9e une atmosph\u00e8re chaleureuse et accueillante avec sa fusion harmonieuse de cannelle \u00e9pic\u00e9e, de sucre vanill\u00e9 sucr\u00e9, des notes d&rsquo;\u00e9pices d&rsquo;orange, une touche d&rsquo;eucalyptus, de clous de girofle aromatiques et une subtile nuance de c\u00e8dre.<\/p>\n<p>Les tuyaux sont des bougies \u00e0 base d&rsquo;enzymes qui attaquent et d\u00e9composent parfaitement les odeurs d\u00e9sagr\u00e9ables, allant des cigarettes, pipes, cigares, animaux domestiques \u00e0 d&rsquo;autres odeurs domestiques.<\/p>\n<p><strong>Caract\u00e9ristiques<\/strong><\/p>\n<ul>\n<li>Id\u00e9al pour \u00e9liminer la fum\u00e9e ind\u00e9sirable des cigarettes, pipes, cigares, animaux domestiques, etc\u2026<\/li>\n<li>Parfum : Comme \u00e0 la maison<\/li>\n<li>Notes parfum\u00e9es : Epic\u00e9e, Naturelle, Douce<\/li>\n<li>Formul\u00e9 enzymatique<\/li>\n<li>Dur\u00e9e de combustion : jusqu&rsquo;\u00e0 70 heures<\/li>\n<li>Poids : 13 oz<\/li>\n<\/ul>\n","protected":false},"excerpt":{"rendered":"<p>La bougie en \u00e9dition limit\u00e9e Smoke Odor Exterminator avec le parfum Just Like Home cr\u00e9e une atmosph\u00e8re chaleureuse et accueillante avec sa fusion harmonieuse de cannelle \u00e9pic\u00e9e, de sucre vanill\u00e9 sucr\u00e9, des notes d&rsquo;\u00e9pices d&rsquo;orange, une touche d&rsquo;eucalyptus, de clous de girofle aromatiques et une subtile nuance de c\u00e8dre.<\/p>\n","protected":false},"featured_media":43516,"comment_status":"open","ping_status":"closed","template":"","meta":[],"product_brand":[],"product_cat":[2172],"product_tag":[2376],"class_list":{"0":"post-44529","1":"product","2":"type-product","3":"status-publish","4":"has-post-thumbnail","6":"product_cat-non-categorise","7":"product_tag-agrumes","8":"yith_product_brand-smoke-odor-fr","10":"first","11":"onbackorder","12":"taxable","13":"shipping-taxable","14":"purchasable","15":"product-type-simple"},"_links":{"self":[{"href":"https:\/\/taste-it.ca\/fr\/wp-json\/wp\/v2\/product\/44529","targetHints":{"allow":["GET"]}}],"collection":[{"href":"https:\/\/taste-it.ca\/fr\/wp-json\/wp\/v2\/product"}],"about":[{"href":"https:\/\/taste-it.ca\/fr\/wp-json\/wp\/v2\/types\/product"}],"replies":[{"embeddable":true,"href":"https:\/\/taste-it.ca\/fr\/wp-json\/wp\/v2\/comments?post=44529"}],"wp:featuredmedia":[{"embeddable":true,"href":"https:\/\/taste-it.ca\/fr\/wp-json\/wp\/v2\/media\/43516"}],"wp:attachment":[{"href":"https:\/\/taste-it.ca\/fr\/wp-json\/wp\/v2\/media?parent=44529"}],"wp:term":[{"taxonomy":"product_brand","embeddable":true,"href":"https:\/\/taste-it.ca\/fr\/wp-json\/wp\/v2\/product_brand?post=44529"},{"taxonomy":"product_cat","embeddable":true,"href":"https:\/\/taste-it.ca\/fr\/wp-json\/wp\/v2\/product_cat?post=44529"},{"taxonomy":"product_tag","embeddable":true,"href":"https:\/\/taste-it.ca\/fr\/wp-json\/wp\/v2\/product_tag?post=44529"}],"curies":[{"name":"wp","href":"https:\/\/api.w.org\/{rel}","templated":true}]}}