{"id":44528,"date":"2025-10-09T10:22:25","date_gmt":"2025-10-09T14:22:25","guid":{"rendered":"https:\/\/taste-it.ca\/boutique\/non class\u00e9\/jungle-juice-2-pck-organic-wraps-parcrop-kingz\/"},"modified":"2025-10-09T10:22:25","modified_gmt":"2025-10-09T14:22:25","slug":"jungle-juice-2-pck-organic-wraps-parcrop-kingz","status":"publish","type":"product","link":"https:\/\/taste-it.ca\/fr\/product\/jungle-juice-2-pck-organic-wraps-parcrop-kingz\/","title":{"rendered":"Jungle Juice (2\/PCK) Organic Wraps parCrop Kingz"},"content":{"rendered":"<p>Les wraps auto-scellants Jungle Juice Organic sont fabriqu\u00e9s \u00e0 partir de gomme arabique non toxique d&rsquo;Am\u00e9rique. Les wraps de Crop Kingz disposent d&rsquo;une bande de colle auto-scellante formul\u00e9e qui est facile \u00e0 utiliser et super collante.<\/p>\n<p><strong>Caract\u00e9ristiques<\/strong><\/p>\n<ul>\n<li>100% biologique, sans pesticide, sans OGM<\/li>\n<li>Bande de colle auto-scellante<\/li>\n<li>Gomme arabique non toxique<\/li>\n<li>saveur Jungle juice<\/li>\n<li>2 wraps\/pack<\/li>\n<\/ul>\n","protected":false},"excerpt":{"rendered":"<p>Les wraps auto-scellants Jungle Juice Organic sont fabriqu\u00e9s \u00e0 partir de gomme arabique non toxique d&rsquo;Am\u00e9rique.<\/p>\n","protected":false},"featured_media":44070,"comment_status":"open","ping_status":"closed","template":"","meta":[],"product_brand":[],"product_cat":[2172],"product_tag":[],"class_list":{"0":"post-44528","1":"product","2":"type-product","3":"status-publish","4":"has-post-thumbnail","6":"product_cat-non-categorise","7":"yith_product_brand-crop-kingz-fr","9":"first","10":"instock","11":"taxable","12":"shipping-taxable","13":"purchasable","14":"product-type-simple"},"_links":{"self":[{"href":"https:\/\/taste-it.ca\/fr\/wp-json\/wp\/v2\/product\/44528","targetHints":{"allow":["GET"]}}],"collection":[{"href":"https:\/\/taste-it.ca\/fr\/wp-json\/wp\/v2\/product"}],"about":[{"href":"https:\/\/taste-it.ca\/fr\/wp-json\/wp\/v2\/types\/product"}],"replies":[{"embeddable":true,"href":"https:\/\/taste-it.ca\/fr\/wp-json\/wp\/v2\/comments?post=44528"}],"wp:featuredmedia":[{"embeddable":true,"href":"https:\/\/taste-it.ca\/fr\/wp-json\/wp\/v2\/media\/44070"}],"wp:attachment":[{"href":"https:\/\/taste-it.ca\/fr\/wp-json\/wp\/v2\/media?parent=44528"}],"wp:term":[{"taxonomy":"product_brand","embeddable":true,"href":"https:\/\/taste-it.ca\/fr\/wp-json\/wp\/v2\/product_brand?post=44528"},{"taxonomy":"product_cat","embeddable":true,"href":"https:\/\/taste-it.ca\/fr\/wp-json\/wp\/v2\/product_cat?post=44528"},{"taxonomy":"product_tag","embeddable":true,"href":"https:\/\/taste-it.ca\/fr\/wp-json\/wp\/v2\/product_tag?post=44528"}],"curies":[{"name":"wp","href":"https:\/\/api.w.org\/{rel}","templated":true}]}}