{"id":44523,"date":"2025-10-09T09:03:30","date_gmt":"2025-10-09T13:03:30","guid":{"rendered":"https:\/\/taste-it.ca\/boutique\/non class\u00e9\/jolly-joint-limited-edition-candle-par-smoke-odor-exterminator\/"},"modified":"2025-10-09T09:03:30","modified_gmt":"2025-10-09T13:03:30","slug":"jolly-joint-limited-edition-candle-par-smoke-odor-exterminator","status":"publish","type":"product","link":"https:\/\/taste-it.ca\/fr\/product\/jolly-joint-limited-edition-candle-par-smoke-odor-exterminator\/","title":{"rendered":"Jolly Joint Limited Edition Candle par Smoke Odor Exterminator"},"content":{"rendered":"","protected":false},"excerpt":{"rendered":"<p>Un m\u00e9lange magique de canneberges givr\u00e9es, d\u2019\u00e9pinette bleue et d\u2019agrumes glac\u00e9s, le tout enroul\u00e9 pour en faire un parfum tr\u00e8s joyeux qui rehaussera la p\u00e9riode des f\u00eates des utilisateurs.<\/p>\n","protected":false},"featured_media":43514,"comment_status":"open","ping_status":"closed","template":"","meta":[],"product_brand":[],"product_cat":[2172],"product_tag":[2376,3126,2306],"class_list":{"0":"post-44523","1":"product","2":"type-product","3":"status-publish","4":"has-post-thumbnail","6":"product_cat-non-categorise","7":"product_tag-agrumes","8":"product_tag-canneberges","9":"product_tag-glace","10":"yith_product_brand-smoke-odor-fr","12":"first","13":"onbackorder","14":"taxable","15":"shipping-taxable","16":"purchasable","17":"product-type-simple"},"_links":{"self":[{"href":"https:\/\/taste-it.ca\/fr\/wp-json\/wp\/v2\/product\/44523","targetHints":{"allow":["GET"]}}],"collection":[{"href":"https:\/\/taste-it.ca\/fr\/wp-json\/wp\/v2\/product"}],"about":[{"href":"https:\/\/taste-it.ca\/fr\/wp-json\/wp\/v2\/types\/product"}],"replies":[{"embeddable":true,"href":"https:\/\/taste-it.ca\/fr\/wp-json\/wp\/v2\/comments?post=44523"}],"wp:featuredmedia":[{"embeddable":true,"href":"https:\/\/taste-it.ca\/fr\/wp-json\/wp\/v2\/media\/43514"}],"wp:attachment":[{"href":"https:\/\/taste-it.ca\/fr\/wp-json\/wp\/v2\/media?parent=44523"}],"wp:term":[{"taxonomy":"product_brand","embeddable":true,"href":"https:\/\/taste-it.ca\/fr\/wp-json\/wp\/v2\/product_brand?post=44523"},{"taxonomy":"product_cat","embeddable":true,"href":"https:\/\/taste-it.ca\/fr\/wp-json\/wp\/v2\/product_cat?post=44523"},{"taxonomy":"product_tag","embeddable":true,"href":"https:\/\/taste-it.ca\/fr\/wp-json\/wp\/v2\/product_tag?post=44523"}],"curies":[{"name":"wp","href":"https:\/\/api.w.org\/{rel}","templated":true}]}}