{"id":44519,"date":"2025-10-09T10:38:26","date_gmt":"2025-10-09T14:38:26","guid":{"rendered":"https:\/\/taste-it.ca\/boutique\/non%20class\u00e9\/inhale-herbal-rolling-filler-par-meo-marleys\/"},"modified":"2025-10-20T10:49:25","modified_gmt":"2025-10-20T14:49:25","slug":"inhale-herbal-rolling-filler-par-meo-marleys","status":"publish","type":"product","link":"https:\/\/taste-it.ca\/fr\/product\/inhale-herbal-rolling-filler-par-meo-marleys\/","title":{"rendered":"Inhale Herbal Rolling Filler par Meo Marley&rsquo;s"},"content":{"rendered":"","protected":false},"excerpt":{"rendered":"<p>Notre m\u00e9lange OG est notre assemblage d&rsquo;herbes \u00e0 fumer de grade alimentaire avec le profil aromatique le plus discret et l\u00e9ger parmi notre s\u00e9lection de recettes uniques en leur genre.<\/p>\n","protected":false},"featured_media":44239,"comment_status":"open","ping_status":"closed","template":"","meta":[],"product_brand":[],"product_cat":[2172],"product_tag":[],"class_list":{"0":"post-44519","1":"product","2":"type-product","3":"status-publish","4":"has-post-thumbnail","6":"product_cat-non-categorise","7":"pa_capacity-14g-fr","8":"pa_capacity-28g-fr","9":"pa_capacity-7g-fr","10":"yith_product_brand-meo-marleys-fr","12":"first","13":"outofstock","14":"taxable","15":"shipping-taxable","16":"purchasable","17":"product-type-variable"},"_links":{"self":[{"href":"https:\/\/taste-it.ca\/fr\/wp-json\/wp\/v2\/product\/44519","targetHints":{"allow":["GET"]}}],"collection":[{"href":"https:\/\/taste-it.ca\/fr\/wp-json\/wp\/v2\/product"}],"about":[{"href":"https:\/\/taste-it.ca\/fr\/wp-json\/wp\/v2\/types\/product"}],"replies":[{"embeddable":true,"href":"https:\/\/taste-it.ca\/fr\/wp-json\/wp\/v2\/comments?post=44519"}],"wp:featuredmedia":[{"embeddable":true,"href":"https:\/\/taste-it.ca\/fr\/wp-json\/wp\/v2\/media\/44239"}],"wp:attachment":[{"href":"https:\/\/taste-it.ca\/fr\/wp-json\/wp\/v2\/media?parent=44519"}],"wp:term":[{"taxonomy":"product_brand","embeddable":true,"href":"https:\/\/taste-it.ca\/fr\/wp-json\/wp\/v2\/product_brand?post=44519"},{"taxonomy":"product_cat","embeddable":true,"href":"https:\/\/taste-it.ca\/fr\/wp-json\/wp\/v2\/product_cat?post=44519"},{"taxonomy":"product_tag","embeddable":true,"href":"https:\/\/taste-it.ca\/fr\/wp-json\/wp\/v2\/product_tag?post=44519"}],"curies":[{"name":"wp","href":"https:\/\/api.w.org\/{rel}","templated":true}]}}