{"id":44518,"date":"2025-10-09T10:22:28","date_gmt":"2025-10-09T14:22:28","guid":{"rendered":"https:\/\/taste-it.ca\/boutique\/non class\u00e9\/hurricane-2-pck-tobacco-inspired-organic-wraps-par-crop-kingz\/"},"modified":"2025-10-09T10:22:28","modified_gmt":"2025-10-09T14:22:28","slug":"hurricane-2-pck-tobacco-inspired-organic-wraps-par-crop-kingz","status":"publish","type":"product","link":"https:\/\/taste-it.ca\/fr\/product\/hurricane-2-pck-tobacco-inspired-organic-wraps-par-crop-kingz\/","title":{"rendered":"Hurricane (2\/PCK) Tobacco-Inspired Organic Wraps par Crop Kingz"},"content":{"rendered":"<p>Les wraps organiques Hurricane inspir\u00e9s du tabac de Crop Kingz offrent une exp\u00e9rience traditionnelle, riche et lisse sans aucun goudron ou nicotine. Dot\u00e9 d&rsquo;une bande de colle auto-scellante formul\u00e9e, ces wraps sont faciles \u00e0 utiliser et super collants. Les wraps sont fabriqu\u00e9s \u00e0 partir de gomme arabique non toxique et sont 100% biologiques, sans pesticides et sans OGM. Chaque paquet comprend 2 wraps Hurricane et 2 tubes de remplissage, qui non seulement aident les fumeurs \u00e0 modeler les rouleaux, mais peuvent \u00e9galement \u00eatre coup\u00e9s et utilis\u00e9s comme filtre pour les blunts.<\/p>\n<p><strong>Caract\u00e9ristiques<\/strong><\/p>\n<ul>\n<li>100% biologique, sans pesticide, sans OGM<\/li>\n<li>Bande de colle auto-scellante<\/li>\n<li>Gomme arabique non toxique<\/li>\n<li>2 wraps\/pack<\/li>\n<\/ul>\n","protected":false},"excerpt":{"rendered":"<p>Les wraps organiques Hurricane sont inspir\u00e9s du tabac de Crop Kingz offrent une exp\u00e9rience traditionnelle, riche et lisse sans aucun goudron ou nicotine.<\/p>\n","protected":false},"featured_media":44066,"comment_status":"open","ping_status":"closed","template":"","meta":[],"product_brand":[],"product_cat":[2172],"product_tag":[],"class_list":{"0":"post-44518","1":"product","2":"type-product","3":"status-publish","4":"has-post-thumbnail","6":"product_cat-non-categorise","7":"yith_product_brand-crop-kingz-fr","9":"first","10":"instock","11":"taxable","12":"shipping-taxable","13":"purchasable","14":"product-type-simple"},"_links":{"self":[{"href":"https:\/\/taste-it.ca\/fr\/wp-json\/wp\/v2\/product\/44518","targetHints":{"allow":["GET"]}}],"collection":[{"href":"https:\/\/taste-it.ca\/fr\/wp-json\/wp\/v2\/product"}],"about":[{"href":"https:\/\/taste-it.ca\/fr\/wp-json\/wp\/v2\/types\/product"}],"replies":[{"embeddable":true,"href":"https:\/\/taste-it.ca\/fr\/wp-json\/wp\/v2\/comments?post=44518"}],"wp:featuredmedia":[{"embeddable":true,"href":"https:\/\/taste-it.ca\/fr\/wp-json\/wp\/v2\/media\/44066"}],"wp:attachment":[{"href":"https:\/\/taste-it.ca\/fr\/wp-json\/wp\/v2\/media?parent=44518"}],"wp:term":[{"taxonomy":"product_brand","embeddable":true,"href":"https:\/\/taste-it.ca\/fr\/wp-json\/wp\/v2\/product_brand?post=44518"},{"taxonomy":"product_cat","embeddable":true,"href":"https:\/\/taste-it.ca\/fr\/wp-json\/wp\/v2\/product_cat?post=44518"},{"taxonomy":"product_tag","embeddable":true,"href":"https:\/\/taste-it.ca\/fr\/wp-json\/wp\/v2\/product_tag?post=44518"}],"curies":[{"name":"wp","href":"https:\/\/api.w.org\/{rel}","templated":true}]}}