{"id":44517,"date":"2025-10-09T09:03:16","date_gmt":"2025-10-09T13:03:16","guid":{"rendered":"https:\/\/taste-it.ca\/boutique\/non%20class\u00e9\/honey-goji-wraps-4pck-par-king-palm\/"},"modified":"2025-10-15T09:50:11","modified_gmt":"2025-10-15T13:50:11","slug":"honey-goji-wraps-4pck-par-king-palm","status":"publish","type":"product","link":"https:\/\/taste-it.ca\/fr\/product\/honey-goji-wraps-4pck-par-king-palm\/","title":{"rendered":"Honey Goji Wraps (4PCK) par King Palm"},"content":{"rendered":"<p>Les Wraps King Palm Goji sont fabriqu\u00e9s \u00e0 partir du fruit de la baie de goji. Ces enveloppes de couleur orange au go\u00fbt sucr\u00e9 constituent une excellente option sans tabac pour les clients \u00e0 la recherche de diff\u00e9rents types d&rsquo;enveloppes pour blunts. Chaque pochette contient 4 enveloppes et 4 embouts de filtre de style \u00ab\u00a0Mod\u00e8le X\u00a0\u00bb. Saveur de miel.<\/p>\n<p><strong>Caract\u00e9ristiques<\/strong><\/p>\n<ul>\n<li>Saveur de miel<\/li>\n<li>Fabriqu\u00e9s \u00e0 partir de baies de goji<\/li>\n<li>4 enveloppes par paquet<\/li>\n<\/ul>\n","protected":false},"excerpt":{"rendered":"<p>Les Wraps King Palm Goji sont fabriqu\u00e9s \u00e0 partir du fruit de la baie de goji. Ces enveloppes de couleur orange au go\u00fbt sucr\u00e9 constituent une excellente option sans tabac pour les clients \u00e0 la recherche de diff\u00e9rents types d&rsquo;enveloppes pour blunts. Chaque pochette contient 4 enveloppes et 4 embouts de filtre de style \u00ab\u00a0Mod\u00e8le [&hellip;]<\/p>\n","protected":false},"featured_media":43510,"comment_status":"open","ping_status":"closed","template":"","meta":[],"product_brand":[],"product_cat":[2172],"product_tag":[3139,2302],"class_list":{"0":"post-44517","1":"product","2":"type-product","3":"status-publish","4":"has-post-thumbnail","6":"product_cat-non-categorise","7":"product_tag-goji-fr","8":"product_tag-miel","9":"yith_product_brand-king-palm-fr","11":"first","12":"instock","13":"taxable","14":"shipping-taxable","15":"purchasable","16":"product-type-simple"},"_links":{"self":[{"href":"https:\/\/taste-it.ca\/fr\/wp-json\/wp\/v2\/product\/44517","targetHints":{"allow":["GET"]}}],"collection":[{"href":"https:\/\/taste-it.ca\/fr\/wp-json\/wp\/v2\/product"}],"about":[{"href":"https:\/\/taste-it.ca\/fr\/wp-json\/wp\/v2\/types\/product"}],"replies":[{"embeddable":true,"href":"https:\/\/taste-it.ca\/fr\/wp-json\/wp\/v2\/comments?post=44517"}],"wp:featuredmedia":[{"embeddable":true,"href":"https:\/\/taste-it.ca\/fr\/wp-json\/wp\/v2\/media\/43510"}],"wp:attachment":[{"href":"https:\/\/taste-it.ca\/fr\/wp-json\/wp\/v2\/media?parent=44517"}],"wp:term":[{"taxonomy":"product_brand","embeddable":true,"href":"https:\/\/taste-it.ca\/fr\/wp-json\/wp\/v2\/product_brand?post=44517"},{"taxonomy":"product_cat","embeddable":true,"href":"https:\/\/taste-it.ca\/fr\/wp-json\/wp\/v2\/product_cat?post=44517"},{"taxonomy":"product_tag","embeddable":true,"href":"https:\/\/taste-it.ca\/fr\/wp-json\/wp\/v2\/product_tag?post=44517"}],"curies":[{"name":"wp","href":"https:\/\/api.w.org\/{rel}","templated":true}]}}